{"id":1015,"date":"2021-09-17T17:51:55","date_gmt":"2021-09-17T22:51:55","guid":{"rendered":"https:\/\/forvalour.ca\/?page_id=1015"},"modified":"2021-09-17T17:52:49","modified_gmt":"2021-09-17T22:52:49","slug":"medaille-service-distingue","status":"publish","type":"page","link":"https:\/\/www.forvalour.ca\/fr\/medaille-service-distingue\/","title":{"rendered":"M\u00e9daille du service distingu\u00e9 dans l&rsquo;Aviation"},"content":{"rendered":"\n<h4 class=\"wp-block-heading\">Origine et histoire de la M\u00e9daille du service distingu\u00e9 dans l&rsquo;Aviation<\/h4>\n\n\n\n<div class=\"wp-block-image\"><figure class=\"alignleft size-full\"><img loading=\"lazy\" decoding=\"async\" width=\"140\" height=\"140\" src=\"http:\/\/forvalour.ca\/wp-content\/uploads\/2021\/09\/dfm-004.jpg\" alt=\"La M\u00e9daille du service distingu\u00e9 dans l'Aviation\" class=\"wp-image-866\"\/><\/figure><\/div>\n\n\n\n<p>La M\u00e9daille du service distingu\u00e9 dans l&rsquo;Aviation (D.F.M.) a \u00e9t\u00e9 cr\u00e9\u00e9e par le roi George V en 1918, au moment de la formation de la\u00a0Royal Air Force (R.A.F.). Elle \u00e9tait destin\u00e9e aux sous-officiers et aux militaires du rang ayant accompli un acte ou des actes de vaillance, de courage ou de d\u00e9vouement en vol, au cours d&rsquo;op\u00e9rations actives contre l&rsquo;ennemi. Plus tard, au cours de la Deuxi\u00e8me Guerre mondiale, les membres de la branche a\u00e9rienne de l&rsquo;Arm\u00e9e et de la Marine y ont aussi eu droit.<\/p>\n\n\n\n<p>Une barrette droite d&rsquo;argent se glissant sur le ruban et portant un aigle en son centre \u00e9tait d\u00e9cern\u00e9e pour un acte de bravoure subs\u00e9quent qui aurait valu la m\u00e9daille au militaire. L&rsquo;ann\u00e9e o\u00f9 elle \u00e9tait d\u00e9cern\u00e9e \u00e9tait grav\u00e9e au revers de la barrette.<\/p>\n\n\n\n<p>Il s&rsquo;agit d&rsquo;une m\u00e9daille ovale en argent qui mesure 1,375 pouce de largeur et 1,625 pouce de longueur. Sur l&rsquo;avers figure l&rsquo;effigie du monarque r\u00e9gnant, tourn\u00e9 vers la gauche.<\/p>\n\n\n\n<p>Le revers de la m\u00e9daille montre la d\u00e9esse grecque Ath\u00e9na victorieuse, assise dans un avion, un faucon aux ailes d\u00e9ploy\u00e9es perch\u00e9 sur son bras droit, au-dessus des mots \u00ab For Courage \u00bb (Pour acte de courage).<\/p>\n\n\n\n<p>Une bombe est reli\u00e9e par deux ailes \u00e0 l&rsquo;agrafe et au ruban. Celui-ci mesure 1,25 pouce de largeur et est compos\u00e9 de bandes violettes et blanches altern\u00e9es (de 0,0625 pouce de largeur), inclin\u00e9es vers la gauche, de bas en haut, \u00e0 un angle de 45 degr\u00e9s. Quand la d\u00e9coration est port\u00e9e sur la poitrine, on doit voir une bande violette dans les coins inf\u00e9rieur gauche et sup\u00e9rieur droit du ruban. Jusqu&rsquo;en 1919, les bandes \u00e9taient horizontales. En tout, 556 M\u00e9dailles du service distingu\u00e9 dans l&rsquo;Aviation ont \u00e9t\u00e9 d\u00e9cern\u00e9es \u00e0 des Canadiens, en plus de 136 autres \u00e0 des membres de la RAF, de la RNZAF et de la RAAF qui servaient dans des escadrilles de l&rsquo;ARC (voir ci-dessous).<\/p>\n\n\n\n<div class=\"wp-block-wpdatatables-wpdatatables-gutenberg-block\">\n    <h3 class=\"wpdt-c\"\n        id=\"wdt-table-title-9\">Canadiens ayant re\u00e7u la M\u00e9daille du service distingu\u00e9 dans l&#039;Aviation<\/h3>\n<div class=\"wpdt-c row wpDataTableContainerSimpleTable wpDataTables wpDataTablesWrapper\n\"\n    >\n        <table id=\"wpdtSimpleTable-9\"\n           style=\"border-collapse:collapse;\n                   border-spacing:0px;\"\n           class=\"wpdtSimpleTable wpDataTable\"\n           data-column=\"6\"\n           data-rows=\"5\"\n           data-wpID=\"9\"\n           data-responsive=\"0\"\n           data-has-header=\"0\">\n\n                    <tbody>        <tr class=\"wpdt-cell-row \" >\n                                <td class=\"wpdt-cell  wpdt-empty-cell  wpdt-merged-cell \"\n                     colspan=\"1\"  rowspan=\"2\"                     data-cell-id=\"A1\"\n                    data-col-index=\"0\"\n                    data-row-index=\"0\"\n                    style=\" width:16.666666666667%;                    padding:10px;\n                    \"\n                    >\n                                                            <\/td>\n                                                <td class=\"wpdt-cell  wpdt-merged-cell \"\n                     colspan=\"2\"  rowspan=\"1\"                     data-cell-id=\"B1\"\n                    data-col-index=\"1\"\n                    data-row-index=\"0\"\n                    style=\" width:33.333333333333%;                    padding:10px;\n                    \"\n                    >\n                                        ARC                    <\/td>\n                                                            <td class=\"wpdt-cell  wpdt-merged-cell \"\n                     colspan=\"2\"  rowspan=\"1\"                     data-cell-id=\"D1\"\n                    data-col-index=\"3\"\n                    data-row-index=\"0\"\n                    style=\" width:33.333333333333%;                    padding:10px;\n                    \"\n                    >\n                                        RAF                    <\/td>\n                                                            <td class=\"wpdt-cell  wpdt-merged-cell \"\n                     colspan=\"1\"  rowspan=\"2\"                     data-cell-id=\"F1\"\n                    data-col-index=\"5\"\n                    data-row-index=\"0\"\n                    style=\" width:16.666666666667%;                    padding:10px;\n                    \"\n                    >\n                                        Membres de la RAF, de la RAAF ou de la RNZAF servant dans l'ARC                    <\/td>\n                                        <\/tr>\n                            <tr class=\"wpdt-cell-row \" >\n                                            <td class=\"wpdt-cell \"\n                                            data-cell-id=\"B2\"\n                    data-col-index=\"1\"\n                    data-row-index=\"1\"\n                    style=\"                    padding:10px;\n                    \"\n                    >\n                                        M\u00e9dailles                    <\/td>\n                                                <td class=\"wpdt-cell \"\n                                            data-cell-id=\"C2\"\n                    data-col-index=\"2\"\n                    data-row-index=\"1\"\n                    style=\"                    padding:10px;\n                    \"\n                    >\n                                        Barrettes                    <\/td>\n                                                <td class=\"wpdt-cell \"\n                                            data-cell-id=\"D2\"\n                    data-col-index=\"3\"\n                    data-row-index=\"1\"\n                    style=\"                    padding:10px;\n                    \"\n                    >\n                                        M\u00e9dailles                    <\/td>\n                                                <td class=\"wpdt-cell \"\n                                            data-cell-id=\"E2\"\n                    data-col-index=\"4\"\n                    data-row-index=\"1\"\n                    style=\"                    padding:10px;\n                    \"\n                    >\n                                        Barrettes                    <\/td>\n                                                    <\/tr>\n                            <tr class=\"wpdt-cell-row \" >\n                                <td class=\"wpdt-cell \"\n                                            data-cell-id=\"A3\"\n                    data-col-index=\"0\"\n                    data-row-index=\"2\"\n                    style=\"                    padding:10px;\n                    \"\n                    >\n                                        PGM                    <\/td>\n                                                <td class=\"wpdt-cell \"\n                                            data-cell-id=\"B3\"\n                    data-col-index=\"1\"\n                    data-row-index=\"2\"\n                    style=\"                    padding:10px;\n                    \"\n                    >\n                                        0                    <\/td>\n                                                <td class=\"wpdt-cell \"\n                                            data-cell-id=\"C3\"\n                    data-col-index=\"2\"\n                    data-row-index=\"2\"\n                    style=\"                    padding:10px;\n                    \"\n                    >\n                                        0                    <\/td>\n                                                <td class=\"wpdt-cell \"\n                                            data-cell-id=\"D3\"\n                    data-col-index=\"3\"\n                    data-row-index=\"2\"\n                    style=\"                    padding:10px;\n                    \"\n                    >\n                                        1                    <\/td>\n                                                <td class=\"wpdt-cell \"\n                                            data-cell-id=\"E3\"\n                    data-col-index=\"4\"\n                    data-row-index=\"2\"\n                    style=\"                    padding:10px;\n                    \"\n                    >\n                                        0                    <\/td>\n                                                <td class=\"wpdt-cell \"\n                                            data-cell-id=\"F3\"\n                    data-col-index=\"5\"\n                    data-row-index=\"2\"\n                    style=\"                    padding:10px;\n                    \"\n                    >\n                                        0                    <\/td>\n                                        <\/tr>\n                            <tr class=\"wpdt-cell-row \" >\n                                <td class=\"wpdt-cell \"\n                                            data-cell-id=\"A4\"\n                    data-col-index=\"0\"\n                    data-row-index=\"3\"\n                    style=\"                    padding:10px;\n                    \"\n                    >\n                                        DGM                    <\/td>\n                                                <td class=\"wpdt-cell \"\n                                            data-cell-id=\"B4\"\n                    data-col-index=\"1\"\n                    data-row-index=\"3\"\n                    style=\"                    padding:10px;\n                    \"\n                    >\n                                        516                    <\/td>\n                                                <td class=\"wpdt-cell \"\n                                            data-cell-id=\"C4\"\n                    data-col-index=\"2\"\n                    data-row-index=\"3\"\n                    style=\"                    padding:10px;\n                    \"\n                    >\n                                        0                    <\/td>\n                                                <td class=\"wpdt-cell \"\n                                            data-cell-id=\"D4\"\n                    data-col-index=\"3\"\n                    data-row-index=\"3\"\n                    style=\"                    padding:10px;\n                    \"\n                    >\n                                        39                    <\/td>\n                                                <td class=\"wpdt-cell \"\n                                            data-cell-id=\"E4\"\n                    data-col-index=\"4\"\n                    data-row-index=\"3\"\n                    style=\"                    padding:10px;\n                    \"\n                    >\n                                        0                    <\/td>\n                                                <td class=\"wpdt-cell \"\n                                            data-cell-id=\"F4\"\n                    data-col-index=\"5\"\n                    data-row-index=\"3\"\n                    style=\"                    padding:10px;\n                    \"\n                    >\n                                        136                    <\/td>\n                                        <\/tr>\n                            <tr class=\"wpdt-cell-row \" >\n                                <td class=\"wpdt-cell \"\n                                            data-cell-id=\"A5\"\n                    data-col-index=\"0\"\n                    data-row-index=\"4\"\n                    style=\"                    padding:10px;\n                    \"\n                    >\n                                        Cor\u00e9e                    <\/td>\n                                                <td class=\"wpdt-cell \"\n                                            data-cell-id=\"B5\"\n                    data-col-index=\"1\"\n                    data-row-index=\"4\"\n                    style=\"                    padding:10px;\n                    \"\n                    >\n                                        0                    <\/td>\n                                                <td class=\"wpdt-cell \"\n                                            data-cell-id=\"C5\"\n                    data-col-index=\"2\"\n                    data-row-index=\"4\"\n                    style=\"                    padding:10px;\n                    \"\n                    >\n                                        0                    <\/td>\n                                                <td class=\"wpdt-cell \"\n                                            data-cell-id=\"D5\"\n                    data-col-index=\"3\"\n                    data-row-index=\"4\"\n                    style=\"                    padding:10px;\n                    \"\n                    >\n                                        0                    <\/td>\n                                                <td class=\"wpdt-cell \"\n                                            data-cell-id=\"E5\"\n                    data-col-index=\"4\"\n                    data-row-index=\"4\"\n                    style=\"                    padding:10px;\n                    \"\n                    >\n                                        0                    <\/td>\n                                                <td class=\"wpdt-cell \"\n                                            data-cell-id=\"F5\"\n                    data-col-index=\"5\"\n                    data-row-index=\"4\"\n                    style=\"                    padding:10px;\n                    \"\n                    >\n                                        0                    <\/td>\n                                        <\/tr>\n                    <\/table>\n<\/div><style id='wpdt-custom-style-9'>\n<\/style>\n<\/div>\n","protected":false},"excerpt":{"rendered":"<p>Origine et histoire de la M\u00e9daille du service distingu\u00e9 dans l&rsquo;Aviation La M\u00e9daille du service distingu\u00e9 dans l&rsquo;Aviation (D.F.M.) a \u00e9t\u00e9 cr\u00e9\u00e9e par le roi George V en 1918, au moment de la formation de la\u00a0Royal Air Force (R.A.F.). Elle \u00e9tait destin\u00e9e aux sous-officiers et aux militaires du rang ayant accompli un acte ou des [&hellip;]<\/p>\n","protected":false},"author":1,"featured_media":0,"parent":0,"menu_order":0,"comment_status":"closed","ping_status":"closed","template":"","meta":{"_acf_changed":false,"footnotes":""},"class_list":["post-1015","page","type-page","status-publish","hentry"],"acf":[],"yoast_head":"<!-- This site is optimized with the Yoast SEO plugin v27.3 - https:\/\/yoast.com\/product\/yoast-seo-wordpress\/ -->\n<title>M\u00e9daille du service distingu\u00e9 dans l&#039;Aviation - Pour Bravoure - aviateurs canadiens et la Croix de Victoria<\/title>\n<meta name=\"robots\" content=\"index, follow, max-snippet:-1, max-image-preview:large, max-video-preview:-1\" \/>\n<link rel=\"canonical\" href=\"https:\/\/www.forvalour.ca\/fr\/medaille-service-distingue\/\" \/>\n<meta property=\"og:locale\" content=\"fr_FR\" \/>\n<meta property=\"og:type\" content=\"article\" \/>\n<meta property=\"og:title\" content=\"M\u00e9daille du service distingu\u00e9 dans l&#039;Aviation - Pour Bravoure - aviateurs canadiens et la Croix de Victoria\" \/>\n<meta property=\"og:description\" content=\"Origine et histoire de la M\u00e9daille du service distingu\u00e9 dans l&rsquo;Aviation La M\u00e9daille du service distingu\u00e9 dans l&rsquo;Aviation (D.F.M.) a \u00e9t\u00e9 cr\u00e9\u00e9e par le roi George V en 1918, au moment de la formation de la\u00a0Royal Air Force (R.A.F.). Elle \u00e9tait destin\u00e9e aux sous-officiers et aux militaires du rang ayant accompli un acte ou des [&hellip;]\" \/>\n<meta property=\"og:url\" content=\"https:\/\/www.forvalour.ca\/fr\/medaille-service-distingue\/\" \/>\n<meta property=\"og:site_name\" content=\"Pour Bravoure - aviateurs canadiens et la Croix de Victoria\" \/>\n<meta property=\"article:modified_time\" content=\"2021-09-17T22:52:49+00:00\" \/>\n<meta property=\"og:image\" content=\"http:\/\/forvalour.ca\/wp-content\/uploads\/2021\/09\/dfm-004.jpg\" \/>\n<meta name=\"twitter:card\" content=\"summary_large_image\" \/>\n<meta name=\"twitter:label1\" content=\"Dur\u00e9e de lecture estim\u00e9e\" \/>\n\t<meta name=\"twitter:data1\" content=\"2 minutes\" \/>\n<script type=\"application\/ld+json\" class=\"yoast-schema-graph\">{\"@context\":\"https:\\\/\\\/schema.org\",\"@graph\":[{\"@type\":\"WebPage\",\"@id\":\"https:\\\/\\\/www.forvalour.ca\\\/fr\\\/medaille-service-distingue\\\/\",\"url\":\"https:\\\/\\\/www.forvalour.ca\\\/fr\\\/medaille-service-distingue\\\/\",\"name\":\"M\u00e9daille du service distingu\u00e9 dans l'Aviation - Pour Bravoure - aviateurs canadiens et la Croix de Victoria\",\"isPartOf\":{\"@id\":\"https:\\\/\\\/forvalour.ca\\\/#website\"},\"primaryImageOfPage\":{\"@id\":\"https:\\\/\\\/www.forvalour.ca\\\/fr\\\/medaille-service-distingue\\\/#primaryimage\"},\"image\":{\"@id\":\"https:\\\/\\\/www.forvalour.ca\\\/fr\\\/medaille-service-distingue\\\/#primaryimage\"},\"thumbnailUrl\":\"http:\\\/\\\/forvalour.ca\\\/wp-content\\\/uploads\\\/2021\\\/09\\\/dfm-004.jpg\",\"datePublished\":\"2021-09-17T22:51:55+00:00\",\"dateModified\":\"2021-09-17T22:52:49+00:00\",\"breadcrumb\":{\"@id\":\"https:\\\/\\\/www.forvalour.ca\\\/fr\\\/medaille-service-distingue\\\/#breadcrumb\"},\"inLanguage\":\"fr-FR\",\"potentialAction\":[{\"@type\":\"ReadAction\",\"target\":[\"https:\\\/\\\/www.forvalour.ca\\\/fr\\\/medaille-service-distingue\\\/\"]}]},{\"@type\":\"ImageObject\",\"inLanguage\":\"fr-FR\",\"@id\":\"https:\\\/\\\/www.forvalour.ca\\\/fr\\\/medaille-service-distingue\\\/#primaryimage\",\"url\":\"http:\\\/\\\/forvalour.ca\\\/wp-content\\\/uploads\\\/2021\\\/09\\\/dfm-004.jpg\",\"contentUrl\":\"http:\\\/\\\/forvalour.ca\\\/wp-content\\\/uploads\\\/2021\\\/09\\\/dfm-004.jpg\"},{\"@type\":\"BreadcrumbList\",\"@id\":\"https:\\\/\\\/www.forvalour.ca\\\/fr\\\/medaille-service-distingue\\\/#breadcrumb\",\"itemListElement\":[{\"@type\":\"ListItem\",\"position\":1,\"name\":\"Home\",\"item\":\"https:\\\/\\\/www.forvalour.ca\\\/fr\\\/\"},{\"@type\":\"ListItem\",\"position\":2,\"name\":\"M\u00e9daille du service distingu\u00e9 dans l&rsquo;Aviation\"}]},{\"@type\":\"WebSite\",\"@id\":\"https:\\\/\\\/forvalour.ca\\\/#website\",\"url\":\"https:\\\/\\\/forvalour.ca\\\/\",\"name\":\"For Valour\",\"description\":\"Canadian Airmen and the Victoria Cross\",\"publisher\":{\"@id\":\"https:\\\/\\\/forvalour.ca\\\/#organization\"},\"potentialAction\":[{\"@type\":\"SearchAction\",\"target\":{\"@type\":\"EntryPoint\",\"urlTemplate\":\"https:\\\/\\\/forvalour.ca\\\/?s={search_term_string}\"},\"query-input\":{\"@type\":\"PropertyValueSpecification\",\"valueRequired\":true,\"valueName\":\"search_term_string\"}}],\"inLanguage\":\"fr-FR\"},{\"@type\":\"Organization\",\"@id\":\"https:\\\/\\\/forvalour.ca\\\/#organization\",\"name\":\"For Valour\",\"url\":\"https:\\\/\\\/forvalour.ca\\\/\",\"logo\":{\"@type\":\"ImageObject\",\"inLanguage\":\"fr-FR\",\"@id\":\"https:\\\/\\\/forvalour.ca\\\/#\\\/schema\\\/logo\\\/image\\\/\",\"url\":\"https:\\\/\\\/forvalour.ca\\\/wp-content\\\/uploads\\\/2021\\\/09\\\/cropped-for-valour-medal-new.png\",\"contentUrl\":\"https:\\\/\\\/forvalour.ca\\\/wp-content\\\/uploads\\\/2021\\\/09\\\/cropped-for-valour-medal-new.png\",\"width\":512,\"height\":512,\"caption\":\"For Valour\"},\"image\":{\"@id\":\"https:\\\/\\\/forvalour.ca\\\/#\\\/schema\\\/logo\\\/image\\\/\"},\"sameAs\":[\"https:\\\/\\\/www.youtube.com\\\/channel\\\/UCRYVbXOUahuy0lj2UCo1Cag\"]}]}<\/script>\n<!-- \/ Yoast SEO plugin. -->","yoast_head_json":{"title":"M\u00e9daille du service distingu\u00e9 dans l'Aviation - Pour Bravoure - aviateurs canadiens et la Croix de Victoria","robots":{"index":"index","follow":"follow","max-snippet":"max-snippet:-1","max-image-preview":"max-image-preview:large","max-video-preview":"max-video-preview:-1"},"canonical":"https:\/\/www.forvalour.ca\/fr\/medaille-service-distingue\/","og_locale":"fr_FR","og_type":"article","og_title":"M\u00e9daille du service distingu\u00e9 dans l'Aviation - Pour Bravoure - aviateurs canadiens et la Croix de Victoria","og_description":"Origine et histoire de la M\u00e9daille du service distingu\u00e9 dans l&rsquo;Aviation La M\u00e9daille du service distingu\u00e9 dans l&rsquo;Aviation (D.F.M.) a \u00e9t\u00e9 cr\u00e9\u00e9e par le roi George V en 1918, au moment de la formation de la\u00a0Royal Air Force (R.A.F.). Elle \u00e9tait destin\u00e9e aux sous-officiers et aux militaires du rang ayant accompli un acte ou des [&hellip;]","og_url":"https:\/\/www.forvalour.ca\/fr\/medaille-service-distingue\/","og_site_name":"Pour Bravoure - aviateurs canadiens et la Croix de Victoria","article_modified_time":"2021-09-17T22:52:49+00:00","og_image":[{"url":"http:\/\/forvalour.ca\/wp-content\/uploads\/2021\/09\/dfm-004.jpg","type":"","width":"","height":""}],"twitter_card":"summary_large_image","twitter_misc":{"Dur\u00e9e de lecture estim\u00e9e":"2 minutes"},"schema":{"@context":"https:\/\/schema.org","@graph":[{"@type":"WebPage","@id":"https:\/\/www.forvalour.ca\/fr\/medaille-service-distingue\/","url":"https:\/\/www.forvalour.ca\/fr\/medaille-service-distingue\/","name":"M\u00e9daille du service distingu\u00e9 dans l'Aviation - Pour Bravoure - aviateurs canadiens et la Croix de Victoria","isPartOf":{"@id":"https:\/\/forvalour.ca\/#website"},"primaryImageOfPage":{"@id":"https:\/\/www.forvalour.ca\/fr\/medaille-service-distingue\/#primaryimage"},"image":{"@id":"https:\/\/www.forvalour.ca\/fr\/medaille-service-distingue\/#primaryimage"},"thumbnailUrl":"http:\/\/forvalour.ca\/wp-content\/uploads\/2021\/09\/dfm-004.jpg","datePublished":"2021-09-17T22:51:55+00:00","dateModified":"2021-09-17T22:52:49+00:00","breadcrumb":{"@id":"https:\/\/www.forvalour.ca\/fr\/medaille-service-distingue\/#breadcrumb"},"inLanguage":"fr-FR","potentialAction":[{"@type":"ReadAction","target":["https:\/\/www.forvalour.ca\/fr\/medaille-service-distingue\/"]}]},{"@type":"ImageObject","inLanguage":"fr-FR","@id":"https:\/\/www.forvalour.ca\/fr\/medaille-service-distingue\/#primaryimage","url":"http:\/\/forvalour.ca\/wp-content\/uploads\/2021\/09\/dfm-004.jpg","contentUrl":"http:\/\/forvalour.ca\/wp-content\/uploads\/2021\/09\/dfm-004.jpg"},{"@type":"BreadcrumbList","@id":"https:\/\/www.forvalour.ca\/fr\/medaille-service-distingue\/#breadcrumb","itemListElement":[{"@type":"ListItem","position":1,"name":"Home","item":"https:\/\/www.forvalour.ca\/fr\/"},{"@type":"ListItem","position":2,"name":"M\u00e9daille du service distingu\u00e9 dans l&rsquo;Aviation"}]},{"@type":"WebSite","@id":"https:\/\/forvalour.ca\/#website","url":"https:\/\/forvalour.ca\/","name":"For Valour","description":"Canadian Airmen and the Victoria Cross","publisher":{"@id":"https:\/\/forvalour.ca\/#organization"},"potentialAction":[{"@type":"SearchAction","target":{"@type":"EntryPoint","urlTemplate":"https:\/\/forvalour.ca\/?s={search_term_string}"},"query-input":{"@type":"PropertyValueSpecification","valueRequired":true,"valueName":"search_term_string"}}],"inLanguage":"fr-FR"},{"@type":"Organization","@id":"https:\/\/forvalour.ca\/#organization","name":"For Valour","url":"https:\/\/forvalour.ca\/","logo":{"@type":"ImageObject","inLanguage":"fr-FR","@id":"https:\/\/forvalour.ca\/#\/schema\/logo\/image\/","url":"https:\/\/forvalour.ca\/wp-content\/uploads\/2021\/09\/cropped-for-valour-medal-new.png","contentUrl":"https:\/\/forvalour.ca\/wp-content\/uploads\/2021\/09\/cropped-for-valour-medal-new.png","width":512,"height":512,"caption":"For Valour"},"image":{"@id":"https:\/\/forvalour.ca\/#\/schema\/logo\/image\/"},"sameAs":["https:\/\/www.youtube.com\/channel\/UCRYVbXOUahuy0lj2UCo1Cag"]}]}},"_links":{"self":[{"href":"https:\/\/www.forvalour.ca\/fr\/wp-json\/wp\/v2\/pages\/1015","targetHints":{"allow":["GET"]}}],"collection":[{"href":"https:\/\/www.forvalour.ca\/fr\/wp-json\/wp\/v2\/pages"}],"about":[{"href":"https:\/\/www.forvalour.ca\/fr\/wp-json\/wp\/v2\/types\/page"}],"author":[{"embeddable":true,"href":"https:\/\/www.forvalour.ca\/fr\/wp-json\/wp\/v2\/users\/1"}],"replies":[{"embeddable":true,"href":"https:\/\/www.forvalour.ca\/fr\/wp-json\/wp\/v2\/comments?post=1015"}],"version-history":[{"count":3,"href":"https:\/\/www.forvalour.ca\/fr\/wp-json\/wp\/v2\/pages\/1015\/revisions"}],"predecessor-version":[{"id":1020,"href":"https:\/\/www.forvalour.ca\/fr\/wp-json\/wp\/v2\/pages\/1015\/revisions\/1020"}],"wp:attachment":[{"href":"https:\/\/www.forvalour.ca\/fr\/wp-json\/wp\/v2\/media?parent=1015"}],"curies":[{"name":"wp","href":"https:\/\/api.w.org\/{rel}","templated":true}]}}