{"id":660,"date":"2021-09-15T17:07:00","date_gmt":"2021-09-15T22:07:00","guid":{"rendered":"https:\/\/forvalour.ca\/?page_id=660"},"modified":"2021-10-01T10:02:18","modified_gmt":"2021-10-01T15:02:18","slug":"bishop","status":"publish","type":"page","link":"https:\/\/www.forvalour.ca\/fr\/bishop\/","title":{"rendered":"William Bishop"},"content":{"rendered":"\n<p>Nom :&nbsp;William Avery \u00ab Billy\/Bish \u00bb Bishop<br>Date de naissance :&nbsp;8 f\u00e9vrier 1894<br>D\u00e9c\u00e8s :&nbsp;11 septembre 1956<br>Ville natale :&nbsp;Owen Sound (Ontario)<br>Grade :&nbsp;Lieutenant-colonel, Mar\u00e9chal de l&rsquo;air honoraire<br>P\u00e9riodes de service :&nbsp;de 1914 \u00e0 1918 et de 1938 \u00e0 1945<br>Num\u00e9ro matricule :&nbsp;&nbsp;<br>Force :&nbsp;Force a\u00e9rienne<br>Unit\u00e9 :&nbsp;Royal Flying Corps<br>Division :&nbsp;60<sup>e<\/sup>&nbsp;Escadron<br>D\u00e9corations :&nbsp;Croix de Victoria, Ordre du service distingu\u00e9 (et barrette), Croix militaire, Croix du service distingu\u00e9 dans l&rsquo;Aviation, Compagnon de l&rsquo;Ordre du bain<\/p>\n\n\n\n<p>Le Mar\u00e9chal de l&rsquo;Air William Avery Bishop est n\u00e9 \u00e0 Owen Sound (Ontario). Il \u00e9tait l&rsquo;a\u00een\u00e9 des trois enfants de William A. et Margaret Bishop, et seul un autre aviateur canadien a \u00e9t\u00e9 plus d\u00e9cor\u00e9 que lui. Il a \u00e9t\u00e9 un des meilleurs duellistes a\u00e9riens de la Premi\u00e8re Guerre mondiale. Dou\u00e9 d&rsquo;une vision extraordinaire, c&rsquo;\u00e9tait un tireur d&rsquo;\u00e9lite qui s&rsquo;exer\u00e7ait constamment pour parfaire son adresse.<\/p>\n\n\n\n<p>Quand les Allemands ont mis sa t\u00eate \u00e0 prix, il a fait peindre en bleu le capot de l&rsquo;h\u00e9lice de son Nieuport 17 pour que l&rsquo;ennemi puisse le rep\u00e9rer plus facilement. En 12 jours de vol \u00e0 titre de commandant des Renards volants (Flying Foxes), il a abattu 25 avions; c&rsquo;est un record qui n&rsquo;a jamais \u00e9t\u00e9 \u00e9gal\u00e9 et qui lui a valu la DFC. \u00c0 la fin de la guerre, \u00ab Billy \u00bb Bishop avait 72 victoires officielles \u00e0 son cr\u00e9dit.<\/p>\n","protected":false},"excerpt":{"rendered":"<p>Nom :&nbsp;William Avery \u00ab Billy\/Bish \u00bb BishopDate de naissance :&nbsp;8 f\u00e9vrier 1894D\u00e9c\u00e8s :&nbsp;11 septembre 1956Ville natale :&nbsp;Owen Sound (Ontario)Grade :&nbsp;Lieutenant-colonel, Mar\u00e9chal de l&rsquo;air honoraireP\u00e9riodes de service :&nbsp;de 1914 \u00e0 1918 et de 1938 \u00e0 1945Num\u00e9ro matricule :&nbsp;&nbsp;Force :&nbsp;Force a\u00e9rienneUnit\u00e9 :&nbsp;Royal Flying CorpsDivision :&nbsp;60e&nbsp;EscadronD\u00e9corations :&nbsp;Croix de Victoria, Ordre du service distingu\u00e9 (et barrette), Croix militaire, Croix [&hellip;]<\/p>\n","protected":false},"author":1,"featured_media":0,"parent":0,"menu_order":0,"comment_status":"closed","ping_status":"closed","template":"","meta":{"_acf_changed":false,"footnotes":""},"class_list":["post-660","page","type-page","status-publish","hentry"],"acf":[],"yoast_head":"<!-- This site is optimized with the Yoast SEO plugin v27.3 - https:\/\/yoast.com\/product\/yoast-seo-wordpress\/ -->\n<title>William Bishop - Pour Bravoure - aviateurs canadiens et la Croix de Victoria<\/title>\n<meta name=\"robots\" content=\"index, follow, max-snippet:-1, max-image-preview:large, max-video-preview:-1\" \/>\n<link rel=\"canonical\" href=\"https:\/\/www.forvalour.ca\/fr\/bishop\/\" \/>\n<meta property=\"og:locale\" content=\"fr_FR\" \/>\n<meta property=\"og:type\" content=\"article\" \/>\n<meta property=\"og:title\" content=\"William Bishop - Pour Bravoure - aviateurs canadiens et la Croix de Victoria\" \/>\n<meta property=\"og:description\" content=\"Nom :&nbsp;William Avery \u00ab Billy\/Bish \u00bb BishopDate de naissance :&nbsp;8 f\u00e9vrier 1894D\u00e9c\u00e8s :&nbsp;11 septembre 1956Ville natale :&nbsp;Owen Sound (Ontario)Grade :&nbsp;Lieutenant-colonel, Mar\u00e9chal de l&rsquo;air honoraireP\u00e9riodes de service :&nbsp;de 1914 \u00e0 1918 et de 1938 \u00e0 1945Num\u00e9ro matricule :&nbsp;&nbsp;Force :&nbsp;Force a\u00e9rienneUnit\u00e9 :&nbsp;Royal Flying CorpsDivision :&nbsp;60e&nbsp;EscadronD\u00e9corations :&nbsp;Croix de Victoria, Ordre du service distingu\u00e9 (et barrette), Croix militaire, Croix [&hellip;]\" \/>\n<meta property=\"og:url\" content=\"https:\/\/www.forvalour.ca\/fr\/bishop\/\" \/>\n<meta property=\"og:site_name\" content=\"Pour Bravoure - aviateurs canadiens et la Croix de Victoria\" \/>\n<meta property=\"article:modified_time\" content=\"2021-10-01T15:02:18+00:00\" \/>\n<meta name=\"twitter:card\" content=\"summary_large_image\" \/>\n<meta name=\"twitter:label1\" content=\"Dur\u00e9e de lecture estim\u00e9e\" \/>\n\t<meta name=\"twitter:data1\" content=\"1 minute\" \/>\n<script type=\"application\/ld+json\" class=\"yoast-schema-graph\">{\"@context\":\"https:\\\/\\\/schema.org\",\"@graph\":[{\"@type\":\"WebPage\",\"@id\":\"https:\\\/\\\/www.forvalour.ca\\\/fr\\\/bishop\\\/\",\"url\":\"https:\\\/\\\/www.forvalour.ca\\\/fr\\\/bishop\\\/\",\"name\":\"William Bishop - Pour Bravoure - aviateurs canadiens et la Croix de Victoria\",\"isPartOf\":{\"@id\":\"https:\\\/\\\/forvalour.ca\\\/#website\"},\"datePublished\":\"2021-09-15T22:07:00+00:00\",\"dateModified\":\"2021-10-01T15:02:18+00:00\",\"breadcrumb\":{\"@id\":\"https:\\\/\\\/www.forvalour.ca\\\/fr\\\/bishop\\\/#breadcrumb\"},\"inLanguage\":\"fr-FR\",\"potentialAction\":[{\"@type\":\"ReadAction\",\"target\":[\"https:\\\/\\\/www.forvalour.ca\\\/fr\\\/bishop\\\/\"]}]},{\"@type\":\"BreadcrumbList\",\"@id\":\"https:\\\/\\\/www.forvalour.ca\\\/fr\\\/bishop\\\/#breadcrumb\",\"itemListElement\":[{\"@type\":\"ListItem\",\"position\":1,\"name\":\"Home\",\"item\":\"https:\\\/\\\/www.forvalour.ca\\\/fr\\\/\"},{\"@type\":\"ListItem\",\"position\":2,\"name\":\"William Bishop\"}]},{\"@type\":\"WebSite\",\"@id\":\"https:\\\/\\\/forvalour.ca\\\/#website\",\"url\":\"https:\\\/\\\/forvalour.ca\\\/\",\"name\":\"For Valour\",\"description\":\"Canadian Airmen and the Victoria Cross\",\"publisher\":{\"@id\":\"https:\\\/\\\/forvalour.ca\\\/#organization\"},\"potentialAction\":[{\"@type\":\"SearchAction\",\"target\":{\"@type\":\"EntryPoint\",\"urlTemplate\":\"https:\\\/\\\/forvalour.ca\\\/?s={search_term_string}\"},\"query-input\":{\"@type\":\"PropertyValueSpecification\",\"valueRequired\":true,\"valueName\":\"search_term_string\"}}],\"inLanguage\":\"fr-FR\"},{\"@type\":\"Organization\",\"@id\":\"https:\\\/\\\/forvalour.ca\\\/#organization\",\"name\":\"For Valour\",\"url\":\"https:\\\/\\\/forvalour.ca\\\/\",\"logo\":{\"@type\":\"ImageObject\",\"inLanguage\":\"fr-FR\",\"@id\":\"https:\\\/\\\/forvalour.ca\\\/#\\\/schema\\\/logo\\\/image\\\/\",\"url\":\"https:\\\/\\\/forvalour.ca\\\/wp-content\\\/uploads\\\/2021\\\/09\\\/cropped-for-valour-medal-new.png\",\"contentUrl\":\"https:\\\/\\\/forvalour.ca\\\/wp-content\\\/uploads\\\/2021\\\/09\\\/cropped-for-valour-medal-new.png\",\"width\":512,\"height\":512,\"caption\":\"For Valour\"},\"image\":{\"@id\":\"https:\\\/\\\/forvalour.ca\\\/#\\\/schema\\\/logo\\\/image\\\/\"},\"sameAs\":[\"https:\\\/\\\/www.youtube.com\\\/channel\\\/UCRYVbXOUahuy0lj2UCo1Cag\"]}]}<\/script>\n<!-- \/ Yoast SEO plugin. -->","yoast_head_json":{"title":"William Bishop - Pour Bravoure - aviateurs canadiens et la Croix de Victoria","robots":{"index":"index","follow":"follow","max-snippet":"max-snippet:-1","max-image-preview":"max-image-preview:large","max-video-preview":"max-video-preview:-1"},"canonical":"https:\/\/www.forvalour.ca\/fr\/bishop\/","og_locale":"fr_FR","og_type":"article","og_title":"William Bishop - Pour Bravoure - aviateurs canadiens et la Croix de Victoria","og_description":"Nom :&nbsp;William Avery \u00ab Billy\/Bish \u00bb BishopDate de naissance :&nbsp;8 f\u00e9vrier 1894D\u00e9c\u00e8s :&nbsp;11 septembre 1956Ville natale :&nbsp;Owen Sound (Ontario)Grade :&nbsp;Lieutenant-colonel, Mar\u00e9chal de l&rsquo;air honoraireP\u00e9riodes de service :&nbsp;de 1914 \u00e0 1918 et de 1938 \u00e0 1945Num\u00e9ro matricule :&nbsp;&nbsp;Force :&nbsp;Force a\u00e9rienneUnit\u00e9 :&nbsp;Royal Flying CorpsDivision :&nbsp;60e&nbsp;EscadronD\u00e9corations :&nbsp;Croix de Victoria, Ordre du service distingu\u00e9 (et barrette), Croix militaire, Croix [&hellip;]","og_url":"https:\/\/www.forvalour.ca\/fr\/bishop\/","og_site_name":"Pour Bravoure - aviateurs canadiens et la Croix de Victoria","article_modified_time":"2021-10-01T15:02:18+00:00","twitter_card":"summary_large_image","twitter_misc":{"Dur\u00e9e de lecture estim\u00e9e":"1 minute"},"schema":{"@context":"https:\/\/schema.org","@graph":[{"@type":"WebPage","@id":"https:\/\/www.forvalour.ca\/fr\/bishop\/","url":"https:\/\/www.forvalour.ca\/fr\/bishop\/","name":"William Bishop - Pour Bravoure - aviateurs canadiens et la Croix de Victoria","isPartOf":{"@id":"https:\/\/forvalour.ca\/#website"},"datePublished":"2021-09-15T22:07:00+00:00","dateModified":"2021-10-01T15:02:18+00:00","breadcrumb":{"@id":"https:\/\/www.forvalour.ca\/fr\/bishop\/#breadcrumb"},"inLanguage":"fr-FR","potentialAction":[{"@type":"ReadAction","target":["https:\/\/www.forvalour.ca\/fr\/bishop\/"]}]},{"@type":"BreadcrumbList","@id":"https:\/\/www.forvalour.ca\/fr\/bishop\/#breadcrumb","itemListElement":[{"@type":"ListItem","position":1,"name":"Home","item":"https:\/\/www.forvalour.ca\/fr\/"},{"@type":"ListItem","position":2,"name":"William Bishop"}]},{"@type":"WebSite","@id":"https:\/\/forvalour.ca\/#website","url":"https:\/\/forvalour.ca\/","name":"For Valour","description":"Canadian Airmen and the Victoria Cross","publisher":{"@id":"https:\/\/forvalour.ca\/#organization"},"potentialAction":[{"@type":"SearchAction","target":{"@type":"EntryPoint","urlTemplate":"https:\/\/forvalour.ca\/?s={search_term_string}"},"query-input":{"@type":"PropertyValueSpecification","valueRequired":true,"valueName":"search_term_string"}}],"inLanguage":"fr-FR"},{"@type":"Organization","@id":"https:\/\/forvalour.ca\/#organization","name":"For Valour","url":"https:\/\/forvalour.ca\/","logo":{"@type":"ImageObject","inLanguage":"fr-FR","@id":"https:\/\/forvalour.ca\/#\/schema\/logo\/image\/","url":"https:\/\/forvalour.ca\/wp-content\/uploads\/2021\/09\/cropped-for-valour-medal-new.png","contentUrl":"https:\/\/forvalour.ca\/wp-content\/uploads\/2021\/09\/cropped-for-valour-medal-new.png","width":512,"height":512,"caption":"For Valour"},"image":{"@id":"https:\/\/forvalour.ca\/#\/schema\/logo\/image\/"},"sameAs":["https:\/\/www.youtube.com\/channel\/UCRYVbXOUahuy0lj2UCo1Cag"]}]}},"_links":{"self":[{"href":"https:\/\/www.forvalour.ca\/fr\/wp-json\/wp\/v2\/pages\/660","targetHints":{"allow":["GET"]}}],"collection":[{"href":"https:\/\/www.forvalour.ca\/fr\/wp-json\/wp\/v2\/pages"}],"about":[{"href":"https:\/\/www.forvalour.ca\/fr\/wp-json\/wp\/v2\/types\/page"}],"author":[{"embeddable":true,"href":"https:\/\/www.forvalour.ca\/fr\/wp-json\/wp\/v2\/users\/1"}],"replies":[{"embeddable":true,"href":"https:\/\/www.forvalour.ca\/fr\/wp-json\/wp\/v2\/comments?post=660"}],"version-history":[{"count":4,"href":"https:\/\/www.forvalour.ca\/fr\/wp-json\/wp\/v2\/pages\/660\/revisions"}],"predecessor-version":[{"id":2896,"href":"https:\/\/www.forvalour.ca\/fr\/wp-json\/wp\/v2\/pages\/660\/revisions\/2896"}],"wp:attachment":[{"href":"https:\/\/www.forvalour.ca\/fr\/wp-json\/wp\/v2\/media?parent=660"}],"curies":[{"name":"wp","href":"https:\/\/api.w.org\/{rel}","templated":true}]}}