{"id":694,"date":"2021-09-16T10:43:11","date_gmt":"2021-09-16T15:43:11","guid":{"rendered":"https:\/\/forvalour.ca\/?page_id=694"},"modified":"2021-09-16T10:43:12","modified_gmt":"2021-09-16T15:43:12","slug":"vie-de-famille","status":"publish","type":"page","link":"https:\/\/www.forvalour.ca\/fr\/barker\/vie-de-famille\/","title":{"rendered":"Vie de Famille"},"content":{"rendered":"\n<p>William George Barker est n\u00e9 dans une ferme familiale \u00e0 Dauphin (Manitoba) le 3 novembre 1894; ses parents sont June Barker et George Barker, fils. Il grandit en travaillant dans la ferme et \u00e0 la scierie de son p\u00e8re; ce dernier le retire parfois de l&rsquo;\u00e9cole pendant des semaines pour lui faire couper des billes de bois \u00e0 la scierie.<\/p>\n\n\n\n<p>Will adore aller \u00e0 cheval et tirer \u00e0 la carabine, s&rsquo;adonnant parfois aux deux en m\u00eame temps. Son talent pour la chasse lui permet souvent de fournir de la nourriture aux ouvriers de la scierie. Il se sert fr\u00e9quemment de son argent de poche et d&rsquo;autres sommes qu&rsquo;il a gagn\u00e9es pour acheter des munitions. Il remporte les honneurs de nombreux concours locaux de chasse au dindon, en vainquant \u00e0 de nombreuses reprises les adultes de sa r\u00e9gion. Apr\u00e8s que son grand-p\u00e8re (George Barker, p\u00e8re) quitte la politique et ouvre une salle de quilles et un stand de tir, il mise souvent sur son petit-fils contre les \u00ab tireurs d&rsquo;\u00e9lite \u00bb de l&rsquo;endroit.<\/p>\n\n\n\n<p>En 1902, la famille Barker quitte Dauphin pour s&rsquo;installer juste au nord de Russell; elle allait y rester jusqu&rsquo;en 1913, ann\u00e9e o\u00f9 elle retourne \u00e0 Dauphin. Will et son fr\u00e8re Percy s&rsquo;attirent souvent des ennuis ensemble, quand ils jouent des tours \u00e0 leurs voisins et coll\u00e8gues de classe. William Barker se met parfois dans le p\u00e9trin et on le retire aussi de l&rsquo;\u00e9cole pendant de longues p\u00e9riodes, mais il est bon \u00e9l\u00e8ve. \u00c0 l&rsquo;\u00e2ge de 19 ans, il n&rsquo;a toujours pas termin\u00e9 sa derni\u00e8re ann\u00e9e d&rsquo;\u00e9tudes secondaires; en 1912, il s&rsquo;enr\u00f4le comme simple soldat dans la milice active non permanente, dans l&rsquo;unit\u00e9 32<sup>nd<\/sup>&nbsp;Light Horse.<\/p>\n","protected":false},"excerpt":{"rendered":"<p>William George Barker est n\u00e9 dans une ferme familiale \u00e0 Dauphin (Manitoba) le 3 novembre 1894; ses parents sont June Barker et George Barker, fils. Il grandit en travaillant dans la ferme et \u00e0 la scierie de son p\u00e8re; ce dernier le retire parfois de l&rsquo;\u00e9cole pendant des semaines pour lui faire couper des billes [&hellip;]<\/p>\n","protected":false},"author":1,"featured_media":0,"parent":449,"menu_order":1,"comment_status":"closed","ping_status":"closed","template":"","meta":{"_acf_changed":false,"footnotes":""},"class_list":["post-694","page","type-page","status-publish","hentry"],"acf":[],"yoast_head":"<!-- This site is optimized with the Yoast SEO plugin v27.3 - https:\/\/yoast.com\/product\/yoast-seo-wordpress\/ -->\n<title>Vie de Famille - Pour Bravoure - aviateurs canadiens et la Croix de Victoria<\/title>\n<meta name=\"robots\" content=\"index, follow, max-snippet:-1, max-image-preview:large, max-video-preview:-1\" \/>\n<link rel=\"canonical\" href=\"https:\/\/www.forvalour.ca\/fr\/barker\/vie-de-famille\/\" \/>\n<meta property=\"og:locale\" content=\"fr_FR\" \/>\n<meta property=\"og:type\" content=\"article\" \/>\n<meta property=\"og:title\" content=\"Vie de Famille - Pour Bravoure - aviateurs canadiens et la Croix de Victoria\" \/>\n<meta property=\"og:description\" content=\"William George Barker est n\u00e9 dans une ferme familiale \u00e0 Dauphin (Manitoba) le 3 novembre 1894; ses parents sont June Barker et George Barker, fils. Il grandit en travaillant dans la ferme et \u00e0 la scierie de son p\u00e8re; ce dernier le retire parfois de l&rsquo;\u00e9cole pendant des semaines pour lui faire couper des billes [&hellip;]\" \/>\n<meta property=\"og:url\" content=\"https:\/\/www.forvalour.ca\/fr\/barker\/vie-de-famille\/\" \/>\n<meta property=\"og:site_name\" content=\"Pour Bravoure - aviateurs canadiens et la Croix de Victoria\" \/>\n<meta property=\"article:modified_time\" content=\"2021-09-16T15:43:12+00:00\" \/>\n<meta name=\"twitter:card\" content=\"summary_large_image\" \/>\n<meta name=\"twitter:label1\" content=\"Dur\u00e9e de lecture estim\u00e9e\" \/>\n\t<meta name=\"twitter:data1\" content=\"1 minute\" \/>\n<script type=\"application\/ld+json\" class=\"yoast-schema-graph\">{\"@context\":\"https:\\\/\\\/schema.org\",\"@graph\":[{\"@type\":\"WebPage\",\"@id\":\"https:\\\/\\\/www.forvalour.ca\\\/fr\\\/barker\\\/vie-de-famille\\\/\",\"url\":\"https:\\\/\\\/www.forvalour.ca\\\/fr\\\/barker\\\/vie-de-famille\\\/\",\"name\":\"Vie de Famille - Pour Bravoure - aviateurs canadiens et la Croix de Victoria\",\"isPartOf\":{\"@id\":\"https:\\\/\\\/forvalour.ca\\\/#website\"},\"datePublished\":\"2021-09-16T15:43:11+00:00\",\"dateModified\":\"2021-09-16T15:43:12+00:00\",\"breadcrumb\":{\"@id\":\"https:\\\/\\\/www.forvalour.ca\\\/fr\\\/barker\\\/vie-de-famille\\\/#breadcrumb\"},\"inLanguage\":\"fr-FR\",\"potentialAction\":[{\"@type\":\"ReadAction\",\"target\":[\"https:\\\/\\\/www.forvalour.ca\\\/fr\\\/barker\\\/vie-de-famille\\\/\"]}]},{\"@type\":\"BreadcrumbList\",\"@id\":\"https:\\\/\\\/www.forvalour.ca\\\/fr\\\/barker\\\/vie-de-famille\\\/#breadcrumb\",\"itemListElement\":[{\"@type\":\"ListItem\",\"position\":1,\"name\":\"Home\",\"item\":\"https:\\\/\\\/www.forvalour.ca\\\/fr\\\/\"},{\"@type\":\"ListItem\",\"position\":2,\"name\":\"William Barker\",\"item\":\"https:\\\/\\\/www.forvalour.ca\\\/fr\\\/barker\\\/\"},{\"@type\":\"ListItem\",\"position\":3,\"name\":\"Vie de Famille\"}]},{\"@type\":\"WebSite\",\"@id\":\"https:\\\/\\\/forvalour.ca\\\/#website\",\"url\":\"https:\\\/\\\/forvalour.ca\\\/\",\"name\":\"For Valour\",\"description\":\"Canadian Airmen and the Victoria Cross\",\"publisher\":{\"@id\":\"https:\\\/\\\/forvalour.ca\\\/#organization\"},\"potentialAction\":[{\"@type\":\"SearchAction\",\"target\":{\"@type\":\"EntryPoint\",\"urlTemplate\":\"https:\\\/\\\/forvalour.ca\\\/?s={search_term_string}\"},\"query-input\":{\"@type\":\"PropertyValueSpecification\",\"valueRequired\":true,\"valueName\":\"search_term_string\"}}],\"inLanguage\":\"fr-FR\"},{\"@type\":\"Organization\",\"@id\":\"https:\\\/\\\/forvalour.ca\\\/#organization\",\"name\":\"For Valour\",\"url\":\"https:\\\/\\\/forvalour.ca\\\/\",\"logo\":{\"@type\":\"ImageObject\",\"inLanguage\":\"fr-FR\",\"@id\":\"https:\\\/\\\/forvalour.ca\\\/#\\\/schema\\\/logo\\\/image\\\/\",\"url\":\"https:\\\/\\\/forvalour.ca\\\/wp-content\\\/uploads\\\/2021\\\/09\\\/cropped-for-valour-medal-new.png\",\"contentUrl\":\"https:\\\/\\\/forvalour.ca\\\/wp-content\\\/uploads\\\/2021\\\/09\\\/cropped-for-valour-medal-new.png\",\"width\":512,\"height\":512,\"caption\":\"For Valour\"},\"image\":{\"@id\":\"https:\\\/\\\/forvalour.ca\\\/#\\\/schema\\\/logo\\\/image\\\/\"},\"sameAs\":[\"https:\\\/\\\/www.youtube.com\\\/channel\\\/UCRYVbXOUahuy0lj2UCo1Cag\"]}]}<\/script>\n<!-- \/ Yoast SEO plugin. -->","yoast_head_json":{"title":"Vie de Famille - Pour Bravoure - aviateurs canadiens et la Croix de Victoria","robots":{"index":"index","follow":"follow","max-snippet":"max-snippet:-1","max-image-preview":"max-image-preview:large","max-video-preview":"max-video-preview:-1"},"canonical":"https:\/\/www.forvalour.ca\/fr\/barker\/vie-de-famille\/","og_locale":"fr_FR","og_type":"article","og_title":"Vie de Famille - Pour Bravoure - aviateurs canadiens et la Croix de Victoria","og_description":"William George Barker est n\u00e9 dans une ferme familiale \u00e0 Dauphin (Manitoba) le 3 novembre 1894; ses parents sont June Barker et George Barker, fils. Il grandit en travaillant dans la ferme et \u00e0 la scierie de son p\u00e8re; ce dernier le retire parfois de l&rsquo;\u00e9cole pendant des semaines pour lui faire couper des billes [&hellip;]","og_url":"https:\/\/www.forvalour.ca\/fr\/barker\/vie-de-famille\/","og_site_name":"Pour Bravoure - aviateurs canadiens et la Croix de Victoria","article_modified_time":"2021-09-16T15:43:12+00:00","twitter_card":"summary_large_image","twitter_misc":{"Dur\u00e9e de lecture estim\u00e9e":"1 minute"},"schema":{"@context":"https:\/\/schema.org","@graph":[{"@type":"WebPage","@id":"https:\/\/www.forvalour.ca\/fr\/barker\/vie-de-famille\/","url":"https:\/\/www.forvalour.ca\/fr\/barker\/vie-de-famille\/","name":"Vie de Famille - Pour Bravoure - aviateurs canadiens et la Croix de Victoria","isPartOf":{"@id":"https:\/\/forvalour.ca\/#website"},"datePublished":"2021-09-16T15:43:11+00:00","dateModified":"2021-09-16T15:43:12+00:00","breadcrumb":{"@id":"https:\/\/www.forvalour.ca\/fr\/barker\/vie-de-famille\/#breadcrumb"},"inLanguage":"fr-FR","potentialAction":[{"@type":"ReadAction","target":["https:\/\/www.forvalour.ca\/fr\/barker\/vie-de-famille\/"]}]},{"@type":"BreadcrumbList","@id":"https:\/\/www.forvalour.ca\/fr\/barker\/vie-de-famille\/#breadcrumb","itemListElement":[{"@type":"ListItem","position":1,"name":"Home","item":"https:\/\/www.forvalour.ca\/fr\/"},{"@type":"ListItem","position":2,"name":"William Barker","item":"https:\/\/www.forvalour.ca\/fr\/barker\/"},{"@type":"ListItem","position":3,"name":"Vie de Famille"}]},{"@type":"WebSite","@id":"https:\/\/forvalour.ca\/#website","url":"https:\/\/forvalour.ca\/","name":"For Valour","description":"Canadian Airmen and the Victoria Cross","publisher":{"@id":"https:\/\/forvalour.ca\/#organization"},"potentialAction":[{"@type":"SearchAction","target":{"@type":"EntryPoint","urlTemplate":"https:\/\/forvalour.ca\/?s={search_term_string}"},"query-input":{"@type":"PropertyValueSpecification","valueRequired":true,"valueName":"search_term_string"}}],"inLanguage":"fr-FR"},{"@type":"Organization","@id":"https:\/\/forvalour.ca\/#organization","name":"For Valour","url":"https:\/\/forvalour.ca\/","logo":{"@type":"ImageObject","inLanguage":"fr-FR","@id":"https:\/\/forvalour.ca\/#\/schema\/logo\/image\/","url":"https:\/\/forvalour.ca\/wp-content\/uploads\/2021\/09\/cropped-for-valour-medal-new.png","contentUrl":"https:\/\/forvalour.ca\/wp-content\/uploads\/2021\/09\/cropped-for-valour-medal-new.png","width":512,"height":512,"caption":"For Valour"},"image":{"@id":"https:\/\/forvalour.ca\/#\/schema\/logo\/image\/"},"sameAs":["https:\/\/www.youtube.com\/channel\/UCRYVbXOUahuy0lj2UCo1Cag"]}]}},"_links":{"self":[{"href":"https:\/\/www.forvalour.ca\/fr\/wp-json\/wp\/v2\/pages\/694","targetHints":{"allow":["GET"]}}],"collection":[{"href":"https:\/\/www.forvalour.ca\/fr\/wp-json\/wp\/v2\/pages"}],"about":[{"href":"https:\/\/www.forvalour.ca\/fr\/wp-json\/wp\/v2\/types\/page"}],"author":[{"embeddable":true,"href":"https:\/\/www.forvalour.ca\/fr\/wp-json\/wp\/v2\/users\/1"}],"replies":[{"embeddable":true,"href":"https:\/\/www.forvalour.ca\/fr\/wp-json\/wp\/v2\/comments?post=694"}],"version-history":[{"count":2,"href":"https:\/\/www.forvalour.ca\/fr\/wp-json\/wp\/v2\/pages\/694\/revisions"}],"predecessor-version":[{"id":696,"href":"https:\/\/www.forvalour.ca\/fr\/wp-json\/wp\/v2\/pages\/694\/revisions\/696"}],"up":[{"embeddable":true,"href":"https:\/\/www.forvalour.ca\/fr\/wp-json\/wp\/v2\/pages\/449"}],"wp:attachment":[{"href":"https:\/\/www.forvalour.ca\/fr\/wp-json\/wp\/v2\/media?parent=694"}],"curies":[{"name":"wp","href":"https:\/\/api.w.org\/{rel}","templated":true}]}}