{"id":709,"date":"2021-09-16T10:53:32","date_gmt":"2021-09-16T15:53:32","guid":{"rendered":"https:\/\/forvalour.ca\/?page_id=709"},"modified":"2021-09-16T10:53:33","modified_gmt":"2021-09-16T15:53:33","slug":"vie-de-famille","status":"publish","type":"page","link":"https:\/\/www.forvalour.ca\/fr\/bishop\/vie-de-famille\/","title":{"rendered":"Vie de Famille"},"content":{"rendered":"\n<p>Pendant toutes ses \u00e9tudes, Billy est une forte t\u00eate d\u00e9termin\u00e9e qui tourne toujours \u00e0 son avantage un argument formul\u00e9 contre lui. Toujours r\u00e9solu \u00e0 ne pas c\u00e9der d&rsquo;un iota, Billy continue de m\u00e9riter le respect de ses pairs. C&rsquo;est un athl\u00e8te naturel et un non-conformiste r\u00e9solu qui prouve constamment \u00e0 ceux qui l&rsquo;entourent qu&rsquo;il peut r\u00e9ussir selon ses propres r\u00e8gles.<\/p>\n\n\n\n<p>Sa pers\u00e9v\u00e9rance et sa d\u00e9termination vont l&rsquo;aider en 1911 \u00e0 surmonter des difficult\u00e9s scolaires personnelles pour subir avec succ\u00e8s l&rsquo;examen d&rsquo;entr\u00e9e au Coll\u00e8ge militaire royal, o\u00f9 son individualisme va \u00e0 l&rsquo;encontre de la discipline de la vie militaire. Il commet un certain nombre d&rsquo;infractions mineures aux r\u00e8gles du Coll\u00e8ge pendant sa premi\u00e8re ann\u00e9e d&rsquo;\u00e9tudes.<\/p>\n\n\n\n<p>R\u00e9solu \u00e0 r\u00e9ussir, Billy obtient d&rsquo;excellentes notes d\u00e8s la deuxi\u00e8me ann\u00e9e. Au cours de la troisi\u00e8me, un petit impair de jeunesse commis pendant les examens finaux en mai 1914 vient bien pr\u00e8s d&rsquo;entra\u00eener son expulsion du Coll\u00e8ge. Ce sort lui est \u00e9pargn\u00e9 seulement parce que la d\u00e9cision relative \u00e0 son expulsion est remise \u00e0 l&rsquo;\u00e9t\u00e9 de 1914 et que les autorit\u00e9s pensent qu&rsquo;elles auront besoin de tous les hommes valides pour participer \u00e0 la guerre qui menace d&rsquo;\u00e9clater en Europe.<\/p>\n","protected":false},"excerpt":{"rendered":"<p>Pendant toutes ses \u00e9tudes, Billy est une forte t\u00eate d\u00e9termin\u00e9e qui tourne toujours \u00e0 son avantage un argument formul\u00e9 contre lui. Toujours r\u00e9solu \u00e0 ne pas c\u00e9der d&rsquo;un iota, Billy continue de m\u00e9riter le respect de ses pairs. C&rsquo;est un athl\u00e8te naturel et un non-conformiste r\u00e9solu qui prouve constamment \u00e0 ceux qui l&rsquo;entourent qu&rsquo;il peut [&hellip;]<\/p>\n","protected":false},"author":1,"featured_media":0,"parent":660,"menu_order":1,"comment_status":"closed","ping_status":"closed","template":"","meta":{"_acf_changed":false,"footnotes":""},"class_list":["post-709","page","type-page","status-publish","hentry"],"acf":[],"yoast_head":"<!-- This site is optimized with the Yoast SEO plugin v27.3 - https:\/\/yoast.com\/product\/yoast-seo-wordpress\/ -->\n<title>Vie de Famille - Pour Bravoure - aviateurs canadiens et la Croix de Victoria<\/title>\n<meta name=\"robots\" content=\"index, follow, max-snippet:-1, max-image-preview:large, max-video-preview:-1\" \/>\n<link rel=\"canonical\" href=\"https:\/\/www.forvalour.ca\/fr\/bishop\/vie-de-famille\/\" \/>\n<meta property=\"og:locale\" content=\"fr_FR\" \/>\n<meta property=\"og:type\" content=\"article\" \/>\n<meta property=\"og:title\" content=\"Vie de Famille - Pour Bravoure - aviateurs canadiens et la Croix de Victoria\" \/>\n<meta property=\"og:description\" content=\"Pendant toutes ses \u00e9tudes, Billy est une forte t\u00eate d\u00e9termin\u00e9e qui tourne toujours \u00e0 son avantage un argument formul\u00e9 contre lui. Toujours r\u00e9solu \u00e0 ne pas c\u00e9der d&rsquo;un iota, Billy continue de m\u00e9riter le respect de ses pairs. C&rsquo;est un athl\u00e8te naturel et un non-conformiste r\u00e9solu qui prouve constamment \u00e0 ceux qui l&rsquo;entourent qu&rsquo;il peut [&hellip;]\" \/>\n<meta property=\"og:url\" content=\"https:\/\/www.forvalour.ca\/fr\/bishop\/vie-de-famille\/\" \/>\n<meta property=\"og:site_name\" content=\"Pour Bravoure - aviateurs canadiens et la Croix de Victoria\" \/>\n<meta property=\"article:modified_time\" content=\"2021-09-16T15:53:33+00:00\" \/>\n<meta name=\"twitter:card\" content=\"summary_large_image\" \/>\n<meta name=\"twitter:label1\" content=\"Dur\u00e9e de lecture estim\u00e9e\" \/>\n\t<meta name=\"twitter:data1\" content=\"1 minute\" \/>\n<script type=\"application\/ld+json\" class=\"yoast-schema-graph\">{\"@context\":\"https:\\\/\\\/schema.org\",\"@graph\":[{\"@type\":\"WebPage\",\"@id\":\"https:\\\/\\\/www.forvalour.ca\\\/fr\\\/bishop\\\/vie-de-famille\\\/\",\"url\":\"https:\\\/\\\/www.forvalour.ca\\\/fr\\\/bishop\\\/vie-de-famille\\\/\",\"name\":\"Vie de Famille - Pour Bravoure - aviateurs canadiens et la Croix de Victoria\",\"isPartOf\":{\"@id\":\"https:\\\/\\\/forvalour.ca\\\/#website\"},\"datePublished\":\"2021-09-16T15:53:32+00:00\",\"dateModified\":\"2021-09-16T15:53:33+00:00\",\"breadcrumb\":{\"@id\":\"https:\\\/\\\/www.forvalour.ca\\\/fr\\\/bishop\\\/vie-de-famille\\\/#breadcrumb\"},\"inLanguage\":\"fr-FR\",\"potentialAction\":[{\"@type\":\"ReadAction\",\"target\":[\"https:\\\/\\\/www.forvalour.ca\\\/fr\\\/bishop\\\/vie-de-famille\\\/\"]}]},{\"@type\":\"BreadcrumbList\",\"@id\":\"https:\\\/\\\/www.forvalour.ca\\\/fr\\\/bishop\\\/vie-de-famille\\\/#breadcrumb\",\"itemListElement\":[{\"@type\":\"ListItem\",\"position\":1,\"name\":\"Home\",\"item\":\"https:\\\/\\\/www.forvalour.ca\\\/fr\\\/\"},{\"@type\":\"ListItem\",\"position\":2,\"name\":\"William Bishop\",\"item\":\"https:\\\/\\\/www.forvalour.ca\\\/fr\\\/bishop\\\/\"},{\"@type\":\"ListItem\",\"position\":3,\"name\":\"Vie de Famille\"}]},{\"@type\":\"WebSite\",\"@id\":\"https:\\\/\\\/forvalour.ca\\\/#website\",\"url\":\"https:\\\/\\\/forvalour.ca\\\/\",\"name\":\"For Valour\",\"description\":\"Canadian Airmen and the Victoria Cross\",\"publisher\":{\"@id\":\"https:\\\/\\\/forvalour.ca\\\/#organization\"},\"potentialAction\":[{\"@type\":\"SearchAction\",\"target\":{\"@type\":\"EntryPoint\",\"urlTemplate\":\"https:\\\/\\\/forvalour.ca\\\/?s={search_term_string}\"},\"query-input\":{\"@type\":\"PropertyValueSpecification\",\"valueRequired\":true,\"valueName\":\"search_term_string\"}}],\"inLanguage\":\"fr-FR\"},{\"@type\":\"Organization\",\"@id\":\"https:\\\/\\\/forvalour.ca\\\/#organization\",\"name\":\"For Valour\",\"url\":\"https:\\\/\\\/forvalour.ca\\\/\",\"logo\":{\"@type\":\"ImageObject\",\"inLanguage\":\"fr-FR\",\"@id\":\"https:\\\/\\\/forvalour.ca\\\/#\\\/schema\\\/logo\\\/image\\\/\",\"url\":\"https:\\\/\\\/forvalour.ca\\\/wp-content\\\/uploads\\\/2021\\\/09\\\/cropped-for-valour-medal-new.png\",\"contentUrl\":\"https:\\\/\\\/forvalour.ca\\\/wp-content\\\/uploads\\\/2021\\\/09\\\/cropped-for-valour-medal-new.png\",\"width\":512,\"height\":512,\"caption\":\"For Valour\"},\"image\":{\"@id\":\"https:\\\/\\\/forvalour.ca\\\/#\\\/schema\\\/logo\\\/image\\\/\"},\"sameAs\":[\"https:\\\/\\\/www.youtube.com\\\/channel\\\/UCRYVbXOUahuy0lj2UCo1Cag\"]}]}<\/script>\n<!-- \/ Yoast SEO plugin. -->","yoast_head_json":{"title":"Vie de Famille - Pour Bravoure - aviateurs canadiens et la Croix de Victoria","robots":{"index":"index","follow":"follow","max-snippet":"max-snippet:-1","max-image-preview":"max-image-preview:large","max-video-preview":"max-video-preview:-1"},"canonical":"https:\/\/www.forvalour.ca\/fr\/bishop\/vie-de-famille\/","og_locale":"fr_FR","og_type":"article","og_title":"Vie de Famille - Pour Bravoure - aviateurs canadiens et la Croix de Victoria","og_description":"Pendant toutes ses \u00e9tudes, Billy est une forte t\u00eate d\u00e9termin\u00e9e qui tourne toujours \u00e0 son avantage un argument formul\u00e9 contre lui. Toujours r\u00e9solu \u00e0 ne pas c\u00e9der d&rsquo;un iota, Billy continue de m\u00e9riter le respect de ses pairs. C&rsquo;est un athl\u00e8te naturel et un non-conformiste r\u00e9solu qui prouve constamment \u00e0 ceux qui l&rsquo;entourent qu&rsquo;il peut [&hellip;]","og_url":"https:\/\/www.forvalour.ca\/fr\/bishop\/vie-de-famille\/","og_site_name":"Pour Bravoure - aviateurs canadiens et la Croix de Victoria","article_modified_time":"2021-09-16T15:53:33+00:00","twitter_card":"summary_large_image","twitter_misc":{"Dur\u00e9e de lecture estim\u00e9e":"1 minute"},"schema":{"@context":"https:\/\/schema.org","@graph":[{"@type":"WebPage","@id":"https:\/\/www.forvalour.ca\/fr\/bishop\/vie-de-famille\/","url":"https:\/\/www.forvalour.ca\/fr\/bishop\/vie-de-famille\/","name":"Vie de Famille - Pour Bravoure - aviateurs canadiens et la Croix de Victoria","isPartOf":{"@id":"https:\/\/forvalour.ca\/#website"},"datePublished":"2021-09-16T15:53:32+00:00","dateModified":"2021-09-16T15:53:33+00:00","breadcrumb":{"@id":"https:\/\/www.forvalour.ca\/fr\/bishop\/vie-de-famille\/#breadcrumb"},"inLanguage":"fr-FR","potentialAction":[{"@type":"ReadAction","target":["https:\/\/www.forvalour.ca\/fr\/bishop\/vie-de-famille\/"]}]},{"@type":"BreadcrumbList","@id":"https:\/\/www.forvalour.ca\/fr\/bishop\/vie-de-famille\/#breadcrumb","itemListElement":[{"@type":"ListItem","position":1,"name":"Home","item":"https:\/\/www.forvalour.ca\/fr\/"},{"@type":"ListItem","position":2,"name":"William Bishop","item":"https:\/\/www.forvalour.ca\/fr\/bishop\/"},{"@type":"ListItem","position":3,"name":"Vie de Famille"}]},{"@type":"WebSite","@id":"https:\/\/forvalour.ca\/#website","url":"https:\/\/forvalour.ca\/","name":"For Valour","description":"Canadian Airmen and the Victoria Cross","publisher":{"@id":"https:\/\/forvalour.ca\/#organization"},"potentialAction":[{"@type":"SearchAction","target":{"@type":"EntryPoint","urlTemplate":"https:\/\/forvalour.ca\/?s={search_term_string}"},"query-input":{"@type":"PropertyValueSpecification","valueRequired":true,"valueName":"search_term_string"}}],"inLanguage":"fr-FR"},{"@type":"Organization","@id":"https:\/\/forvalour.ca\/#organization","name":"For Valour","url":"https:\/\/forvalour.ca\/","logo":{"@type":"ImageObject","inLanguage":"fr-FR","@id":"https:\/\/forvalour.ca\/#\/schema\/logo\/image\/","url":"https:\/\/forvalour.ca\/wp-content\/uploads\/2021\/09\/cropped-for-valour-medal-new.png","contentUrl":"https:\/\/forvalour.ca\/wp-content\/uploads\/2021\/09\/cropped-for-valour-medal-new.png","width":512,"height":512,"caption":"For Valour"},"image":{"@id":"https:\/\/forvalour.ca\/#\/schema\/logo\/image\/"},"sameAs":["https:\/\/www.youtube.com\/channel\/UCRYVbXOUahuy0lj2UCo1Cag"]}]}},"_links":{"self":[{"href":"https:\/\/www.forvalour.ca\/fr\/wp-json\/wp\/v2\/pages\/709","targetHints":{"allow":["GET"]}}],"collection":[{"href":"https:\/\/www.forvalour.ca\/fr\/wp-json\/wp\/v2\/pages"}],"about":[{"href":"https:\/\/www.forvalour.ca\/fr\/wp-json\/wp\/v2\/types\/page"}],"author":[{"embeddable":true,"href":"https:\/\/www.forvalour.ca\/fr\/wp-json\/wp\/v2\/users\/1"}],"replies":[{"embeddable":true,"href":"https:\/\/www.forvalour.ca\/fr\/wp-json\/wp\/v2\/comments?post=709"}],"version-history":[{"count":2,"href":"https:\/\/www.forvalour.ca\/fr\/wp-json\/wp\/v2\/pages\/709\/revisions"}],"predecessor-version":[{"id":711,"href":"https:\/\/www.forvalour.ca\/fr\/wp-json\/wp\/v2\/pages\/709\/revisions\/711"}],"up":[{"embeddable":true,"href":"https:\/\/www.forvalour.ca\/fr\/wp-json\/wp\/v2\/pages\/660"}],"wp:attachment":[{"href":"https:\/\/www.forvalour.ca\/fr\/wp-json\/wp\/v2\/media?parent=709"}],"curies":[{"name":"wp","href":"https:\/\/api.w.org\/{rel}","templated":true}]}}