{"id":806,"date":"2021-09-16T15:30:41","date_gmt":"2021-09-16T20:30:41","guid":{"rendered":"https:\/\/forvalour.ca\/?page_id=806"},"modified":"2021-09-16T15:30:41","modified_gmt":"2021-09-16T20:30:41","slug":"peacb-1939-1945","status":"publish","type":"page","link":"https:\/\/www.forvalour.ca\/fr\/peacb-1939-1945\/","title":{"rendered":"PEACB 1939 &#8211; 1945"},"content":{"rendered":"\n<h4 class=\"wp-block-heading\">1939-1945<br>Le Plan d&rsquo;entra\u00eenement a\u00e9rien du Commonwealth britannique<\/h4>\n\n\n\n<p>En 1939, le Premier ministre Mackenzie King a fait un r\u00eave au sujet de l&rsquo;effort de guerre qu&rsquo;il a interpr\u00e9t\u00e9 comme un signe \u00ab du r\u00f4le \u00e9norme que l&rsquo;avion jouerait dans la victoire finale \u00bb. Ce r\u00eave est devenu r\u00e9alit\u00e9 sous la forme du Plan d&rsquo;entra\u00eenement a\u00e9rien du Commonwealth britannique (PEACB).<\/p>\n\n\n\n<p>Dans tout le pays, les Canadiens se sont mobilis\u00e9s pour participer \u00e0 ce gigantesque projet. Il a fallu assembler une arm\u00e9e d&rsquo;experts, construire des a\u00e9rodromes, et obtenir de l&rsquo;\u00e9quipement, y compris des avions. Entre 1940 et 1945, 151 \u00e9coles ont \u00e9t\u00e9 mises sur pied au Canada, et l&rsquo;organisation au sol comptait 104 113 hommes et femmes.<\/p>\n\n\n\n<p>\u00c0 la fin de la Deuxi\u00e8me Guerre mondiale, le PEACB avait form\u00e9 131 553 aviateurs, y compris des pilotes, des radiot\u00e9l\u00e9graphistes, des mitrailleurs de bord et des navigateurs pour les forces a\u00e9riennes de la Grande Bretagne, de l&rsquo;Australie, de la Nouvelle-Z\u00e9lande et du Canada. C&rsquo;\u00e9tait un d\u00e9fi formidable \u00e0 relever, mais quand le monde libre a eu besoin d&rsquo;un champion, le Canada a r\u00e9pondu \u00e0 l&rsquo;appel.<\/p>\n\n\n\n<p>Le Plan d&rsquo;entra\u00eenement a\u00e9rien du Commonwealth britannique a fait dire au Pr\u00e9sident Roosevelt que le Canada \u00e9tait \u00ab l&rsquo;a\u00e9rodrome de la d\u00e9mocratie \u00bb. Le Plan demeure une des grandes contributions du Canada \u00e0 la victoire de mai 1945.<\/p>\n","protected":false},"excerpt":{"rendered":"<p>1939-1945Le Plan d&rsquo;entra\u00eenement a\u00e9rien du Commonwealth britannique En 1939, le Premier ministre Mackenzie King a fait un r\u00eave au sujet de l&rsquo;effort de guerre qu&rsquo;il a interpr\u00e9t\u00e9 comme un signe \u00ab du r\u00f4le \u00e9norme que l&rsquo;avion jouerait dans la victoire finale \u00bb. Ce r\u00eave est devenu r\u00e9alit\u00e9 sous la forme du Plan d&rsquo;entra\u00eenement a\u00e9rien du [&hellip;]<\/p>\n","protected":false},"author":1,"featured_media":0,"parent":0,"menu_order":0,"comment_status":"closed","ping_status":"closed","template":"","meta":{"_acf_changed":false,"footnotes":""},"class_list":["post-806","page","type-page","status-publish","hentry"],"acf":[],"yoast_head":"<!-- This site is optimized with the Yoast SEO plugin v27.3 - https:\/\/yoast.com\/product\/yoast-seo-wordpress\/ -->\n<title>PEACB 1939 - 1945 - Pour Bravoure - aviateurs canadiens et la Croix de Victoria<\/title>\n<meta name=\"robots\" content=\"index, follow, max-snippet:-1, max-image-preview:large, max-video-preview:-1\" \/>\n<link rel=\"canonical\" href=\"https:\/\/www.forvalour.ca\/fr\/peacb-1939-1945\/\" \/>\n<meta property=\"og:locale\" content=\"fr_FR\" \/>\n<meta property=\"og:type\" content=\"article\" \/>\n<meta property=\"og:title\" content=\"PEACB 1939 - 1945 - Pour Bravoure - aviateurs canadiens et la Croix de Victoria\" \/>\n<meta property=\"og:description\" content=\"1939-1945Le Plan d&rsquo;entra\u00eenement a\u00e9rien du Commonwealth britannique En 1939, le Premier ministre Mackenzie King a fait un r\u00eave au sujet de l&rsquo;effort de guerre qu&rsquo;il a interpr\u00e9t\u00e9 comme un signe \u00ab du r\u00f4le \u00e9norme que l&rsquo;avion jouerait dans la victoire finale \u00bb. Ce r\u00eave est devenu r\u00e9alit\u00e9 sous la forme du Plan d&rsquo;entra\u00eenement a\u00e9rien du [&hellip;]\" \/>\n<meta property=\"og:url\" content=\"https:\/\/www.forvalour.ca\/fr\/peacb-1939-1945\/\" \/>\n<meta property=\"og:site_name\" content=\"Pour Bravoure - aviateurs canadiens et la Croix de Victoria\" \/>\n<meta name=\"twitter:card\" content=\"summary_large_image\" \/>\n<meta name=\"twitter:label1\" content=\"Dur\u00e9e de lecture estim\u00e9e\" \/>\n\t<meta name=\"twitter:data1\" content=\"1 minute\" \/>\n<script type=\"application\/ld+json\" class=\"yoast-schema-graph\">{\"@context\":\"https:\\\/\\\/schema.org\",\"@graph\":[{\"@type\":\"WebPage\",\"@id\":\"https:\\\/\\\/www.forvalour.ca\\\/fr\\\/peacb-1939-1945\\\/\",\"url\":\"https:\\\/\\\/www.forvalour.ca\\\/fr\\\/peacb-1939-1945\\\/\",\"name\":\"PEACB 1939 - 1945 - Pour Bravoure - aviateurs canadiens et la Croix de Victoria\",\"isPartOf\":{\"@id\":\"https:\\\/\\\/forvalour.ca\\\/#website\"},\"datePublished\":\"2021-09-16T20:30:41+00:00\",\"breadcrumb\":{\"@id\":\"https:\\\/\\\/www.forvalour.ca\\\/fr\\\/peacb-1939-1945\\\/#breadcrumb\"},\"inLanguage\":\"fr-FR\",\"potentialAction\":[{\"@type\":\"ReadAction\",\"target\":[\"https:\\\/\\\/www.forvalour.ca\\\/fr\\\/peacb-1939-1945\\\/\"]}]},{\"@type\":\"BreadcrumbList\",\"@id\":\"https:\\\/\\\/www.forvalour.ca\\\/fr\\\/peacb-1939-1945\\\/#breadcrumb\",\"itemListElement\":[{\"@type\":\"ListItem\",\"position\":1,\"name\":\"Home\",\"item\":\"https:\\\/\\\/www.forvalour.ca\\\/fr\\\/\"},{\"@type\":\"ListItem\",\"position\":2,\"name\":\"PEACB 1939 &#8211; 1945\"}]},{\"@type\":\"WebSite\",\"@id\":\"https:\\\/\\\/forvalour.ca\\\/#website\",\"url\":\"https:\\\/\\\/forvalour.ca\\\/\",\"name\":\"For Valour\",\"description\":\"Canadian Airmen and the Victoria Cross\",\"publisher\":{\"@id\":\"https:\\\/\\\/forvalour.ca\\\/#organization\"},\"potentialAction\":[{\"@type\":\"SearchAction\",\"target\":{\"@type\":\"EntryPoint\",\"urlTemplate\":\"https:\\\/\\\/forvalour.ca\\\/?s={search_term_string}\"},\"query-input\":{\"@type\":\"PropertyValueSpecification\",\"valueRequired\":true,\"valueName\":\"search_term_string\"}}],\"inLanguage\":\"fr-FR\"},{\"@type\":\"Organization\",\"@id\":\"https:\\\/\\\/forvalour.ca\\\/#organization\",\"name\":\"For Valour\",\"url\":\"https:\\\/\\\/forvalour.ca\\\/\",\"logo\":{\"@type\":\"ImageObject\",\"inLanguage\":\"fr-FR\",\"@id\":\"https:\\\/\\\/forvalour.ca\\\/#\\\/schema\\\/logo\\\/image\\\/\",\"url\":\"https:\\\/\\\/forvalour.ca\\\/wp-content\\\/uploads\\\/2021\\\/09\\\/cropped-for-valour-medal-new.png\",\"contentUrl\":\"https:\\\/\\\/forvalour.ca\\\/wp-content\\\/uploads\\\/2021\\\/09\\\/cropped-for-valour-medal-new.png\",\"width\":512,\"height\":512,\"caption\":\"For Valour\"},\"image\":{\"@id\":\"https:\\\/\\\/forvalour.ca\\\/#\\\/schema\\\/logo\\\/image\\\/\"},\"sameAs\":[\"https:\\\/\\\/www.youtube.com\\\/channel\\\/UCRYVbXOUahuy0lj2UCo1Cag\"]}]}<\/script>\n<!-- \/ Yoast SEO plugin. -->","yoast_head_json":{"title":"PEACB 1939 - 1945 - Pour Bravoure - aviateurs canadiens et la Croix de Victoria","robots":{"index":"index","follow":"follow","max-snippet":"max-snippet:-1","max-image-preview":"max-image-preview:large","max-video-preview":"max-video-preview:-1"},"canonical":"https:\/\/www.forvalour.ca\/fr\/peacb-1939-1945\/","og_locale":"fr_FR","og_type":"article","og_title":"PEACB 1939 - 1945 - Pour Bravoure - aviateurs canadiens et la Croix de Victoria","og_description":"1939-1945Le Plan d&rsquo;entra\u00eenement a\u00e9rien du Commonwealth britannique En 1939, le Premier ministre Mackenzie King a fait un r\u00eave au sujet de l&rsquo;effort de guerre qu&rsquo;il a interpr\u00e9t\u00e9 comme un signe \u00ab du r\u00f4le \u00e9norme que l&rsquo;avion jouerait dans la victoire finale \u00bb. Ce r\u00eave est devenu r\u00e9alit\u00e9 sous la forme du Plan d&rsquo;entra\u00eenement a\u00e9rien du [&hellip;]","og_url":"https:\/\/www.forvalour.ca\/fr\/peacb-1939-1945\/","og_site_name":"Pour Bravoure - aviateurs canadiens et la Croix de Victoria","twitter_card":"summary_large_image","twitter_misc":{"Dur\u00e9e de lecture estim\u00e9e":"1 minute"},"schema":{"@context":"https:\/\/schema.org","@graph":[{"@type":"WebPage","@id":"https:\/\/www.forvalour.ca\/fr\/peacb-1939-1945\/","url":"https:\/\/www.forvalour.ca\/fr\/peacb-1939-1945\/","name":"PEACB 1939 - 1945 - Pour Bravoure - aviateurs canadiens et la Croix de Victoria","isPartOf":{"@id":"https:\/\/forvalour.ca\/#website"},"datePublished":"2021-09-16T20:30:41+00:00","breadcrumb":{"@id":"https:\/\/www.forvalour.ca\/fr\/peacb-1939-1945\/#breadcrumb"},"inLanguage":"fr-FR","potentialAction":[{"@type":"ReadAction","target":["https:\/\/www.forvalour.ca\/fr\/peacb-1939-1945\/"]}]},{"@type":"BreadcrumbList","@id":"https:\/\/www.forvalour.ca\/fr\/peacb-1939-1945\/#breadcrumb","itemListElement":[{"@type":"ListItem","position":1,"name":"Home","item":"https:\/\/www.forvalour.ca\/fr\/"},{"@type":"ListItem","position":2,"name":"PEACB 1939 &#8211; 1945"}]},{"@type":"WebSite","@id":"https:\/\/forvalour.ca\/#website","url":"https:\/\/forvalour.ca\/","name":"For Valour","description":"Canadian Airmen and the Victoria Cross","publisher":{"@id":"https:\/\/forvalour.ca\/#organization"},"potentialAction":[{"@type":"SearchAction","target":{"@type":"EntryPoint","urlTemplate":"https:\/\/forvalour.ca\/?s={search_term_string}"},"query-input":{"@type":"PropertyValueSpecification","valueRequired":true,"valueName":"search_term_string"}}],"inLanguage":"fr-FR"},{"@type":"Organization","@id":"https:\/\/forvalour.ca\/#organization","name":"For Valour","url":"https:\/\/forvalour.ca\/","logo":{"@type":"ImageObject","inLanguage":"fr-FR","@id":"https:\/\/forvalour.ca\/#\/schema\/logo\/image\/","url":"https:\/\/forvalour.ca\/wp-content\/uploads\/2021\/09\/cropped-for-valour-medal-new.png","contentUrl":"https:\/\/forvalour.ca\/wp-content\/uploads\/2021\/09\/cropped-for-valour-medal-new.png","width":512,"height":512,"caption":"For Valour"},"image":{"@id":"https:\/\/forvalour.ca\/#\/schema\/logo\/image\/"},"sameAs":["https:\/\/www.youtube.com\/channel\/UCRYVbXOUahuy0lj2UCo1Cag"]}]}},"_links":{"self":[{"href":"https:\/\/www.forvalour.ca\/fr\/wp-json\/wp\/v2\/pages\/806","targetHints":{"allow":["GET"]}}],"collection":[{"href":"https:\/\/www.forvalour.ca\/fr\/wp-json\/wp\/v2\/pages"}],"about":[{"href":"https:\/\/www.forvalour.ca\/fr\/wp-json\/wp\/v2\/types\/page"}],"author":[{"embeddable":true,"href":"https:\/\/www.forvalour.ca\/fr\/wp-json\/wp\/v2\/users\/1"}],"replies":[{"embeddable":true,"href":"https:\/\/www.forvalour.ca\/fr\/wp-json\/wp\/v2\/comments?post=806"}],"version-history":[{"count":1,"href":"https:\/\/www.forvalour.ca\/fr\/wp-json\/wp\/v2\/pages\/806\/revisions"}],"predecessor-version":[{"id":807,"href":"https:\/\/www.forvalour.ca\/fr\/wp-json\/wp\/v2\/pages\/806\/revisions\/807"}],"wp:attachment":[{"href":"https:\/\/www.forvalour.ca\/fr\/wp-json\/wp\/v2\/media?parent=806"}],"curies":[{"name":"wp","href":"https:\/\/api.w.org\/{rel}","templated":true}]}}