{"id":954,"date":"2021-09-17T11:07:33","date_gmt":"2021-09-17T16:07:33","guid":{"rendered":"https:\/\/forvalour.ca\/?page_id=954"},"modified":"2021-09-20T13:59:12","modified_gmt":"2021-09-20T18:59:12","slug":"medailles-militaires","status":"publish","type":"page","link":"https:\/\/www.forvalour.ca\/fr\/medailles-militaires\/","title":{"rendered":"M\u00e9dailles Militaires"},"content":{"rendered":"\n<p>En plus de la Croix de Victoria, il existe (et il a exist\u00e9) beaucoup de m\u00e9dailles \u00e0 l&rsquo;intention des aviateurs pour souligner leurs actions, au combat ou dans d&rsquo;autres contextes. De nombreux r\u00e9cipiendaires de la Croix de Victoria ont \u00e9galement re\u00e7u une autre m\u00e9daille ou d\u00e9coration, et parfois m\u00eame plusieurs de ces r\u00e9compenses.<\/p>\n\n\n\n<p>Cliquez sur la l\u00e9gende de la photo de la m\u00e9daille ou de la d\u00e9coration pour en apprendre davantage \u00e0 son sujet.<\/p>\n\n\n\n<div class=\"wp-block-columns is-layout-flex wp-container-core-columns-is-layout-9d6595d7 wp-block-columns-is-layout-flex\">\n<div class=\"wp-block-column is-layout-flow wp-block-column-is-layout-flow\">\n<figure class=\"wp-block-image size-full\"><a href=\"\/fr\/medaille-de-george\"><img loading=\"lazy\" decoding=\"async\" width=\"140\" height=\"140\" src=\"http:\/\/forvalour.ca\/wp-content\/uploads\/2021\/09\/gm-004.jpg\" alt=\"La M\u00e9daille de George\" class=\"wp-image-855\"\/><\/a><\/figure>\n\n\n\n<p><a href=\"\/fr\/medaille-de-george\">La M\u00e9daille de George<\/a><\/p>\n<\/div>\n\n\n\n<div class=\"wp-block-column is-layout-flow wp-block-column-is-layout-flow\">\n<figure class=\"wp-block-image size-full\"><a href=\"\/fr\/croix-de-george\"><img loading=\"lazy\" decoding=\"async\" width=\"140\" height=\"140\" src=\"http:\/\/forvalour.ca\/wp-content\/uploads\/2021\/09\/gc-004.jpg\" alt=\"La Croix de George\" class=\"wp-image-857\"\/><\/a><\/figure>\n\n\n\n<p><a href=\"\/fr\/croix-de-george\">La Croix de George<\/a><\/p>\n<\/div>\n\n\n\n<div class=\"wp-block-column is-layout-flow wp-block-column-is-layout-flow\">\n<figure class=\"wp-block-image size-full\"><a href=\"\/fr\/medaille-de-laviation\"><img loading=\"lazy\" decoding=\"async\" width=\"140\" height=\"140\" src=\"http:\/\/forvalour.ca\/wp-content\/uploads\/2021\/09\/afm-003.jpg\" alt=\"La Croix de George\" class=\"wp-image-859\"\/><\/a><\/figure>\n\n\n\n<p><a href=\"\/fr\/medaille-de-laviation\">La M\u00e9daille de l&rsquo;Aviation<\/a><\/p>\n<\/div>\n\n\n\n<div class=\"wp-block-column is-layout-flow wp-block-column-is-layout-flow\">\n<figure class=\"wp-block-image size-full\"><a href=\"\/fr\/croix-de-laviation\"><img loading=\"lazy\" decoding=\"async\" width=\"140\" height=\"140\" src=\"http:\/\/forvalour.ca\/wp-content\/uploads\/2021\/09\/afc-003.jpg\" alt=\"La Croix de l'Aviation\" class=\"wp-image-862\"\/><\/a><\/figure>\n\n\n\n<p><a href=\"\/fr\/croix-de-laviation\">La Croix de l&rsquo;Aviation<\/a><\/p>\n<\/div>\n<\/div>\n\n\n\n<div class=\"wp-block-columns is-layout-flex wp-container-core-columns-is-layout-9d6595d7 wp-block-columns-is-layout-flex\">\n<div class=\"wp-block-column is-layout-flow wp-block-column-is-layout-flow\">\n<figure class=\"wp-block-image size-full\"><a href=\"\/fr\/ordre-du-service-distingue\"><img loading=\"lazy\" decoding=\"async\" width=\"140\" height=\"140\" src=\"http:\/\/forvalour.ca\/wp-content\/uploads\/2021\/09\/dso-004.jpg\" alt=\"L'Ordre du service distingu\u00e9\" class=\"wp-image-864\"\/><\/a><\/figure>\n\n\n\n<p><a href=\"\/fr\/ordre-du-service-distingue\">L&rsquo;Ordre du service distingu\u00e9<\/a><\/p>\n<\/div>\n\n\n\n<div class=\"wp-block-column is-layout-flow wp-block-column-is-layout-flow\">\n<figure class=\"wp-block-image size-full\"><a href=\"\/fr\/medaille-service-distingue\"><img loading=\"lazy\" decoding=\"async\" width=\"140\" height=\"140\" src=\"http:\/\/forvalour.ca\/wp-content\/uploads\/2021\/09\/dfm-004.jpg\" alt=\"La M\u00e9daille du service distingu\u00e9 dans l'Aviation\" class=\"wp-image-866\"\/><\/a><\/figure>\n\n\n\n<p><a href=\"\/fr\/medaille-service-distingue\">La M\u00e9daille du service distingu\u00e9 dans l&rsquo;Aviation<\/a><\/p>\n<\/div>\n\n\n\n<div class=\"wp-block-column is-layout-flow wp-block-column-is-layout-flow\">\n<figure class=\"wp-block-image size-full\"><a href=\"\/fr\/croix-distingue-aviation\"><img loading=\"lazy\" decoding=\"async\" width=\"140\" height=\"140\" src=\"http:\/\/forvalour.ca\/wp-content\/uploads\/2021\/09\/dfc-003.jpg\" alt=\"La Croix du service distingu\u00e9 dans l'Aviation\" class=\"wp-image-868\"\/><\/a><\/figure>\n\n\n\n<p><a href=\"\/fr\/croix-distingue-aviation\">La Croix du service distingu\u00e9 dans l&rsquo;Aviation<\/a><\/p>\n<\/div>\n\n\n\n<div class=\"wp-block-column is-layout-flow wp-block-column-is-layout-flow\"><\/div>\n<\/div>\n\n\n\n<p><strong>D\u00e9voilement de la plus haute distinction militaire au Canada<\/strong><br><a href=\"http:\/\/www.army.forces.gc.ca\/land-terre\/news-nouvelles\/story-reportage-fra.asp?id=2728\">www.army.forces.gc.ca\/land-terre\/news-nouvelles\/story-reportage-fra.asp?id=2728<\/a><\/p>\n\n\n\n<p><strong>Des m\u00e9dailles et des r\u00e9compenses<\/strong><br><a href=\"http:\/\/www.army.forces.gc.ca\/land-terre\/news-nouvelles\/story-reportage-fra.asp?id=2545\">www.army.forces.gc.ca\/land-terre\/news-nouvelles\/story-reportage-fra.asp?id=2545<\/a><\/p>\n\n\n\n<p><strong>La minute des m\u00e9dailles : \u00c9toile de la vaillance militaire<\/strong><br><a href=\"http:\/\/www.army.forces.gc.ca\/land-terre\/news-nouvelles\/story-reportage-fra.asp?id=3409\">www.army.forces.gc.ca\/land-terre\/news-nouvelles\/story-reportage-fra.asp?id=3409<\/a><\/p>\n\n\n\n<p><strong>La minute des m\u00e9dailles : la Croix de la vaillance<\/strong><br><a href=\"http:\/\/www.army.forces.gc.ca\/land-terre\/news-nouvelles\/story-reportage-fra.asp?id=3094\">www.army.forces.gc.ca\/land-terre\/news-nouvelles\/story-reportage-fra.asp?id=3094<\/a><\/p>\n","protected":false},"excerpt":{"rendered":"<p>En plus de la Croix de Victoria, il existe (et il a exist\u00e9) beaucoup de m\u00e9dailles \u00e0 l&rsquo;intention des aviateurs pour souligner leurs actions, au combat ou dans d&rsquo;autres contextes. De nombreux r\u00e9cipiendaires de la Croix de Victoria ont \u00e9galement re\u00e7u une autre m\u00e9daille ou d\u00e9coration, et parfois m\u00eame plusieurs de ces r\u00e9compenses. Cliquez sur [&hellip;]<\/p>\n","protected":false},"author":1,"featured_media":0,"parent":0,"menu_order":0,"comment_status":"closed","ping_status":"closed","template":"","meta":{"_acf_changed":false,"footnotes":""},"class_list":["post-954","page","type-page","status-publish","hentry"],"acf":[],"yoast_head":"<!-- This site is optimized with the Yoast SEO plugin v27.3 - https:\/\/yoast.com\/product\/yoast-seo-wordpress\/ -->\n<title>M\u00e9dailles Militaires - Pour Bravoure - aviateurs canadiens et la Croix de Victoria<\/title>\n<meta name=\"robots\" content=\"index, follow, max-snippet:-1, max-image-preview:large, max-video-preview:-1\" \/>\n<link rel=\"canonical\" href=\"https:\/\/www.forvalour.ca\/fr\/medailles-militaires\/\" \/>\n<meta property=\"og:locale\" content=\"fr_FR\" \/>\n<meta property=\"og:type\" content=\"article\" \/>\n<meta property=\"og:title\" content=\"M\u00e9dailles Militaires - Pour Bravoure - aviateurs canadiens et la Croix de Victoria\" \/>\n<meta property=\"og:description\" content=\"En plus de la Croix de Victoria, il existe (et il a exist\u00e9) beaucoup de m\u00e9dailles \u00e0 l&rsquo;intention des aviateurs pour souligner leurs actions, au combat ou dans d&rsquo;autres contextes. De nombreux r\u00e9cipiendaires de la Croix de Victoria ont \u00e9galement re\u00e7u une autre m\u00e9daille ou d\u00e9coration, et parfois m\u00eame plusieurs de ces r\u00e9compenses. Cliquez sur [&hellip;]\" \/>\n<meta property=\"og:url\" content=\"https:\/\/www.forvalour.ca\/fr\/medailles-militaires\/\" \/>\n<meta property=\"og:site_name\" content=\"Pour Bravoure - aviateurs canadiens et la Croix de Victoria\" \/>\n<meta property=\"article:modified_time\" content=\"2021-09-20T18:59:12+00:00\" \/>\n<meta property=\"og:image\" content=\"http:\/\/forvalour.ca\/wp-content\/uploads\/2021\/09\/gm-004.jpg\" \/>\n<meta name=\"twitter:card\" content=\"summary_large_image\" \/>\n<meta name=\"twitter:label1\" content=\"Dur\u00e9e de lecture estim\u00e9e\" \/>\n\t<meta name=\"twitter:data1\" content=\"3 minutes\" \/>\n<script type=\"application\/ld+json\" class=\"yoast-schema-graph\">{\"@context\":\"https:\\\/\\\/schema.org\",\"@graph\":[{\"@type\":\"WebPage\",\"@id\":\"https:\\\/\\\/www.forvalour.ca\\\/fr\\\/medailles-militaires\\\/\",\"url\":\"https:\\\/\\\/www.forvalour.ca\\\/fr\\\/medailles-militaires\\\/\",\"name\":\"M\u00e9dailles Militaires - Pour Bravoure - aviateurs canadiens et la Croix de Victoria\",\"isPartOf\":{\"@id\":\"https:\\\/\\\/forvalour.ca\\\/#website\"},\"primaryImageOfPage\":{\"@id\":\"https:\\\/\\\/www.forvalour.ca\\\/fr\\\/medailles-militaires\\\/#primaryimage\"},\"image\":{\"@id\":\"https:\\\/\\\/www.forvalour.ca\\\/fr\\\/medailles-militaires\\\/#primaryimage\"},\"thumbnailUrl\":\"http:\\\/\\\/forvalour.ca\\\/wp-content\\\/uploads\\\/2021\\\/09\\\/gm-004.jpg\",\"datePublished\":\"2021-09-17T16:07:33+00:00\",\"dateModified\":\"2021-09-20T18:59:12+00:00\",\"breadcrumb\":{\"@id\":\"https:\\\/\\\/www.forvalour.ca\\\/fr\\\/medailles-militaires\\\/#breadcrumb\"},\"inLanguage\":\"fr-FR\",\"potentialAction\":[{\"@type\":\"ReadAction\",\"target\":[\"https:\\\/\\\/www.forvalour.ca\\\/fr\\\/medailles-militaires\\\/\"]}]},{\"@type\":\"ImageObject\",\"inLanguage\":\"fr-FR\",\"@id\":\"https:\\\/\\\/www.forvalour.ca\\\/fr\\\/medailles-militaires\\\/#primaryimage\",\"url\":\"http:\\\/\\\/forvalour.ca\\\/wp-content\\\/uploads\\\/2021\\\/09\\\/gm-004.jpg\",\"contentUrl\":\"http:\\\/\\\/forvalour.ca\\\/wp-content\\\/uploads\\\/2021\\\/09\\\/gm-004.jpg\"},{\"@type\":\"BreadcrumbList\",\"@id\":\"https:\\\/\\\/www.forvalour.ca\\\/fr\\\/medailles-militaires\\\/#breadcrumb\",\"itemListElement\":[{\"@type\":\"ListItem\",\"position\":1,\"name\":\"Home\",\"item\":\"https:\\\/\\\/www.forvalour.ca\\\/fr\\\/\"},{\"@type\":\"ListItem\",\"position\":2,\"name\":\"M\u00e9dailles Militaires\"}]},{\"@type\":\"WebSite\",\"@id\":\"https:\\\/\\\/forvalour.ca\\\/#website\",\"url\":\"https:\\\/\\\/forvalour.ca\\\/\",\"name\":\"For Valour\",\"description\":\"Canadian Airmen and the Victoria Cross\",\"publisher\":{\"@id\":\"https:\\\/\\\/forvalour.ca\\\/#organization\"},\"potentialAction\":[{\"@type\":\"SearchAction\",\"target\":{\"@type\":\"EntryPoint\",\"urlTemplate\":\"https:\\\/\\\/forvalour.ca\\\/?s={search_term_string}\"},\"query-input\":{\"@type\":\"PropertyValueSpecification\",\"valueRequired\":true,\"valueName\":\"search_term_string\"}}],\"inLanguage\":\"fr-FR\"},{\"@type\":\"Organization\",\"@id\":\"https:\\\/\\\/forvalour.ca\\\/#organization\",\"name\":\"For Valour\",\"url\":\"https:\\\/\\\/forvalour.ca\\\/\",\"logo\":{\"@type\":\"ImageObject\",\"inLanguage\":\"fr-FR\",\"@id\":\"https:\\\/\\\/forvalour.ca\\\/#\\\/schema\\\/logo\\\/image\\\/\",\"url\":\"https:\\\/\\\/forvalour.ca\\\/wp-content\\\/uploads\\\/2021\\\/09\\\/cropped-for-valour-medal-new.png\",\"contentUrl\":\"https:\\\/\\\/forvalour.ca\\\/wp-content\\\/uploads\\\/2021\\\/09\\\/cropped-for-valour-medal-new.png\",\"width\":512,\"height\":512,\"caption\":\"For Valour\"},\"image\":{\"@id\":\"https:\\\/\\\/forvalour.ca\\\/#\\\/schema\\\/logo\\\/image\\\/\"},\"sameAs\":[\"https:\\\/\\\/www.youtube.com\\\/channel\\\/UCRYVbXOUahuy0lj2UCo1Cag\"]}]}<\/script>\n<!-- \/ Yoast SEO plugin. -->","yoast_head_json":{"title":"M\u00e9dailles Militaires - Pour Bravoure - aviateurs canadiens et la Croix de Victoria","robots":{"index":"index","follow":"follow","max-snippet":"max-snippet:-1","max-image-preview":"max-image-preview:large","max-video-preview":"max-video-preview:-1"},"canonical":"https:\/\/www.forvalour.ca\/fr\/medailles-militaires\/","og_locale":"fr_FR","og_type":"article","og_title":"M\u00e9dailles Militaires - Pour Bravoure - aviateurs canadiens et la Croix de Victoria","og_description":"En plus de la Croix de Victoria, il existe (et il a exist\u00e9) beaucoup de m\u00e9dailles \u00e0 l&rsquo;intention des aviateurs pour souligner leurs actions, au combat ou dans d&rsquo;autres contextes. De nombreux r\u00e9cipiendaires de la Croix de Victoria ont \u00e9galement re\u00e7u une autre m\u00e9daille ou d\u00e9coration, et parfois m\u00eame plusieurs de ces r\u00e9compenses. Cliquez sur [&hellip;]","og_url":"https:\/\/www.forvalour.ca\/fr\/medailles-militaires\/","og_site_name":"Pour Bravoure - aviateurs canadiens et la Croix de Victoria","article_modified_time":"2021-09-20T18:59:12+00:00","og_image":[{"url":"http:\/\/forvalour.ca\/wp-content\/uploads\/2021\/09\/gm-004.jpg","type":"","width":"","height":""}],"twitter_card":"summary_large_image","twitter_misc":{"Dur\u00e9e de lecture estim\u00e9e":"3 minutes"},"schema":{"@context":"https:\/\/schema.org","@graph":[{"@type":"WebPage","@id":"https:\/\/www.forvalour.ca\/fr\/medailles-militaires\/","url":"https:\/\/www.forvalour.ca\/fr\/medailles-militaires\/","name":"M\u00e9dailles Militaires - Pour Bravoure - aviateurs canadiens et la Croix de Victoria","isPartOf":{"@id":"https:\/\/forvalour.ca\/#website"},"primaryImageOfPage":{"@id":"https:\/\/www.forvalour.ca\/fr\/medailles-militaires\/#primaryimage"},"image":{"@id":"https:\/\/www.forvalour.ca\/fr\/medailles-militaires\/#primaryimage"},"thumbnailUrl":"http:\/\/forvalour.ca\/wp-content\/uploads\/2021\/09\/gm-004.jpg","datePublished":"2021-09-17T16:07:33+00:00","dateModified":"2021-09-20T18:59:12+00:00","breadcrumb":{"@id":"https:\/\/www.forvalour.ca\/fr\/medailles-militaires\/#breadcrumb"},"inLanguage":"fr-FR","potentialAction":[{"@type":"ReadAction","target":["https:\/\/www.forvalour.ca\/fr\/medailles-militaires\/"]}]},{"@type":"ImageObject","inLanguage":"fr-FR","@id":"https:\/\/www.forvalour.ca\/fr\/medailles-militaires\/#primaryimage","url":"http:\/\/forvalour.ca\/wp-content\/uploads\/2021\/09\/gm-004.jpg","contentUrl":"http:\/\/forvalour.ca\/wp-content\/uploads\/2021\/09\/gm-004.jpg"},{"@type":"BreadcrumbList","@id":"https:\/\/www.forvalour.ca\/fr\/medailles-militaires\/#breadcrumb","itemListElement":[{"@type":"ListItem","position":1,"name":"Home","item":"https:\/\/www.forvalour.ca\/fr\/"},{"@type":"ListItem","position":2,"name":"M\u00e9dailles Militaires"}]},{"@type":"WebSite","@id":"https:\/\/forvalour.ca\/#website","url":"https:\/\/forvalour.ca\/","name":"For Valour","description":"Canadian Airmen and the Victoria Cross","publisher":{"@id":"https:\/\/forvalour.ca\/#organization"},"potentialAction":[{"@type":"SearchAction","target":{"@type":"EntryPoint","urlTemplate":"https:\/\/forvalour.ca\/?s={search_term_string}"},"query-input":{"@type":"PropertyValueSpecification","valueRequired":true,"valueName":"search_term_string"}}],"inLanguage":"fr-FR"},{"@type":"Organization","@id":"https:\/\/forvalour.ca\/#organization","name":"For Valour","url":"https:\/\/forvalour.ca\/","logo":{"@type":"ImageObject","inLanguage":"fr-FR","@id":"https:\/\/forvalour.ca\/#\/schema\/logo\/image\/","url":"https:\/\/forvalour.ca\/wp-content\/uploads\/2021\/09\/cropped-for-valour-medal-new.png","contentUrl":"https:\/\/forvalour.ca\/wp-content\/uploads\/2021\/09\/cropped-for-valour-medal-new.png","width":512,"height":512,"caption":"For Valour"},"image":{"@id":"https:\/\/forvalour.ca\/#\/schema\/logo\/image\/"},"sameAs":["https:\/\/www.youtube.com\/channel\/UCRYVbXOUahuy0lj2UCo1Cag"]}]}},"_links":{"self":[{"href":"https:\/\/www.forvalour.ca\/fr\/wp-json\/wp\/v2\/pages\/954","targetHints":{"allow":["GET"]}}],"collection":[{"href":"https:\/\/www.forvalour.ca\/fr\/wp-json\/wp\/v2\/pages"}],"about":[{"href":"https:\/\/www.forvalour.ca\/fr\/wp-json\/wp\/v2\/types\/page"}],"author":[{"embeddable":true,"href":"https:\/\/www.forvalour.ca\/fr\/wp-json\/wp\/v2\/users\/1"}],"replies":[{"embeddable":true,"href":"https:\/\/www.forvalour.ca\/fr\/wp-json\/wp\/v2\/comments?post=954"}],"version-history":[{"count":4,"href":"https:\/\/www.forvalour.ca\/fr\/wp-json\/wp\/v2\/pages\/954\/revisions"}],"predecessor-version":[{"id":1163,"href":"https:\/\/www.forvalour.ca\/fr\/wp-json\/wp\/v2\/pages\/954\/revisions\/1163"}],"wp:attachment":[{"href":"https:\/\/www.forvalour.ca\/fr\/wp-json\/wp\/v2\/media?parent=954"}],"curies":[{"name":"wp","href":"https:\/\/api.w.org\/{rel}","templated":true}]}}