{"id":990,"date":"2021-09-17T17:06:26","date_gmt":"2021-09-17T22:06:26","guid":{"rendered":"https:\/\/forvalour.ca\/?page_id=990"},"modified":"2021-09-17T17:20:51","modified_gmt":"2021-09-17T22:20:51","slug":"medaille-de-george","status":"publish","type":"page","link":"https:\/\/www.forvalour.ca\/fr\/medaille-de-george\/","title":{"rendered":"M\u00e9daille de George"},"content":{"rendered":"\n<h4 class=\"wp-block-heading\">Origine et histoire de la M\u00e9daille de George<\/h4>\n\n\n\n<div class=\"wp-block-image\"><figure class=\"alignleft size-full\"><img loading=\"lazy\" decoding=\"async\" width=\"140\" height=\"140\" src=\"http:\/\/forvalour.ca\/wp-content\/uploads\/2021\/09\/gm-004.jpg\" alt=\"La M\u00e9daille de George\" class=\"wp-image-855\"\/><\/figure><\/div>\n\n\n\n<p>La M\u00e9daille de George (G.M.) a \u00e9t\u00e9 cr\u00e9\u00e9e le 24 septembre 1940 par le roi George VI. Elle \u00e9tait destin\u00e9e essentiellement aux civils qui avaient accompli des actes de bravoure extraordinaires. Elle n&rsquo;\u00e9tait d\u00e9cern\u00e9e aux militaires que pour des actes qui n&rsquo;\u00e9taient normalement pas r\u00e9compens\u00e9s par des distinctions honorifiques purement militaires.<\/p>\n\n\n\n<p>Il s&rsquo;agit d&rsquo;une m\u00e9daille circulaire en argent mesurant approximativement 1,42 pouce de diam\u00e8tre. L&rsquo;avers (jusqu&rsquo;\u00e0 la fin de la guerre de Cor\u00e9e) montre une effigie couronn\u00e9e de George VI, tourn\u00e9 vers la gauche. Au revers, on voit saint Georges \u00e0 cheval tuant un dragon, et les mots \u00ab The George Medal \u00bb (La M\u00e9daille de George) sont grav\u00e9s autour de la partie sup\u00e9rieure de la bordure.<\/p>\n\n\n\n<p>La monture comprend un listel \u00e0 griffe simple int\u00e9gr\u00e9 au haut de la m\u00e9daille; il porte une bille creuse \u00e0 travers laquelle on enfile un gros anneau d&rsquo;argent. Le ruban rouge mesure 1,25 pouce de largeur et porte cinq \u00e9troites bandes bleues \u00e9galement espac\u00e9es.<\/p>\n\n\n\n<p>Le nom du r\u00e9cipiendaire est grav\u00e9 en capitales romaines (d&rsquo;habitude, avec empattement). Dans le cas des militaires, le pr\u00e9nom et le nom de famille (ainsi que le grade et le nom du r\u00e9giment ou du corps) sont grav\u00e9s sur la m\u00e9daille, alors que seuls le nom de famille et les initiales des civils le sont. Jusqu&rsquo;\u00e0 la fin de la guerre de Cor\u00e9e, 44 M\u00e9dailles de George en tout avaient \u00e9t\u00e9 d\u00e9cern\u00e9es \u00e0 des Canadiens, ainsi que quatre premi\u00e8res barrettes (voir ci-dessous).<\/p>\n\n\n\n<div class=\"wp-block-wpdatatables-wpdatatables-gutenberg-block\">\n    <h3 class=\"wpdt-c\"\n        id=\"wdt-table-title-6\">Canadiens ayant re\u00e7u la M\u00e9daille de George<\/h3>\n<div class=\"wpdt-c row wpDataTableContainerSimpleTable wpDataTables wpDataTablesWrapper\n\"\n    >\n        <table id=\"wpdtSimpleTable-6\"\n           style=\"border-collapse:collapse;\n                   border-spacing:0px;\"\n           class=\"wpdtSimpleTable wpDataTable\"\n           data-column=\"6\"\n           data-rows=\"4\"\n           data-wpID=\"6\"\n           data-responsive=\"0\"\n           data-has-header=\"0\">\n\n                    <tbody>        <tr class=\"wpdt-cell-row \" >\n                                <td class=\"wpdt-cell  wpdt-empty-cell  wpdt-merged-cell \"\n                     colspan=\"1\"  rowspan=\"2\"                     data-cell-id=\"A1\"\n                    data-col-index=\"0\"\n                    data-row-index=\"0\"\n                    style=\" width:16.666666666667%;                    padding:10px;\n                    \"\n                    >\n                                                            <\/td>\n                                                <td class=\"wpdt-cell \"\n                                            data-cell-id=\"B1\"\n                    data-col-index=\"1\"\n                    data-row-index=\"0\"\n                    style=\" width:16.666666666667%;                    padding:10px;\n                    \"\n                    >\n                                        Arm\u00e9e canadienne                    <\/td>\n                                                <td class=\"wpdt-cell  wpdt-merged-cell \"\n                     colspan=\"2\"  rowspan=\"1\"                     data-cell-id=\"C1\"\n                    data-col-index=\"2\"\n                    data-row-index=\"0\"\n                    style=\" width:33.333333333333%;                    padding:10px;\n                    \"\n                    >\n                                        Marine royale du Canada (MRC)                    <\/td>\n                                                            <td class=\"wpdt-cell \"\n                                            data-cell-id=\"E1\"\n                    data-col-index=\"4\"\n                    data-row-index=\"0\"\n                    style=\" width:16.666666666667%;                    padding:10px;\n                    \"\n                    >\n                                        Aviation royale du Canada (ARC)                    <\/td>\n                                                <td class=\"wpdt-cell \"\n                                            data-cell-id=\"F1\"\n                    data-col-index=\"5\"\n                    data-row-index=\"0\"\n                    style=\" width:16.666666666667%;                    padding:10px;\n                    \"\n                    >\n                                        Civils canadiens                    <\/td>\n                                        <\/tr>\n                            <tr class=\"wpdt-cell-row \" >\n                                            <td class=\"wpdt-cell \"\n                                            data-cell-id=\"B2\"\n                    data-col-index=\"1\"\n                    data-row-index=\"1\"\n                    style=\"                    padding:10px;\n                    \"\n                    >\n                                        M\u00e9dailles                    <\/td>\n                                                <td class=\"wpdt-cell \"\n                                            data-cell-id=\"C2\"\n                    data-col-index=\"2\"\n                    data-row-index=\"1\"\n                    style=\"                    padding:10px;\n                    \"\n                    >\n                                        M\u00e9dailles                    <\/td>\n                                                <td class=\"wpdt-cell \"\n                                            data-cell-id=\"D2\"\n                    data-col-index=\"3\"\n                    data-row-index=\"1\"\n                    style=\"                    padding:10px;\n                    \"\n                    >\n                                        Barrettes                    <\/td>\n                                                <td class=\"wpdt-cell \"\n                                            data-cell-id=\"E2\"\n                    data-col-index=\"4\"\n                    data-row-index=\"1\"\n                    style=\"                    padding:10px;\n                    \"\n                    >\n                                        M\u00e9dailles                    <\/td>\n                                                <td class=\"wpdt-cell \"\n                                            data-cell-id=\"F2\"\n                    data-col-index=\"5\"\n                    data-row-index=\"1\"\n                    style=\"                    padding:10px;\n                    \"\n                    >\n                                        M\u00e9dailles                    <\/td>\n                                        <\/tr>\n                            <tr class=\"wpdt-cell-row \" >\n                                <td class=\"wpdt-cell \"\n                                            data-cell-id=\"A3\"\n                    data-col-index=\"0\"\n                    data-row-index=\"2\"\n                    style=\"                    padding:10px;\n                    \"\n                    >\n                                        WWII                    <\/td>\n                                                <td class=\"wpdt-cell \"\n                                            data-cell-id=\"B3\"\n                    data-col-index=\"1\"\n                    data-row-index=\"2\"\n                    style=\"                    padding:10px;\n                    \"\n                    >\n                                        12                    <\/td>\n                                                <td class=\"wpdt-cell \"\n                                            data-cell-id=\"C3\"\n                    data-col-index=\"2\"\n                    data-row-index=\"2\"\n                    style=\"                    padding:10px;\n                    \"\n                    >\n                                        7                    <\/td>\n                                                <td class=\"wpdt-cell \"\n                                            data-cell-id=\"D3\"\n                    data-col-index=\"3\"\n                    data-row-index=\"2\"\n                    style=\"                    padding:10px;\n                    \"\n                    >\n                                        4                    <\/td>\n                                                <td class=\"wpdt-cell \"\n                                            data-cell-id=\"E3\"\n                    data-col-index=\"4\"\n                    data-row-index=\"2\"\n                    style=\"                    padding:10px;\n                    \"\n                    >\n                                        20                    <\/td>\n                                                <td class=\"wpdt-cell \"\n                                            data-cell-id=\"F3\"\n                    data-col-index=\"5\"\n                    data-row-index=\"2\"\n                    style=\"                    padding:10px;\n                    \"\n                    >\n                                        3                    <\/td>\n                                        <\/tr>\n                            <tr class=\"wpdt-cell-row \" >\n                                <td class=\"wpdt-cell \"\n                                            data-cell-id=\"A4\"\n                    data-col-index=\"0\"\n                    data-row-index=\"3\"\n                    style=\"                    padding:10px;\n                    \"\n                    >\n                                        Korea                    <\/td>\n                                                <td class=\"wpdt-cell \"\n                                            data-cell-id=\"B4\"\n                    data-col-index=\"1\"\n                    data-row-index=\"3\"\n                    style=\"                    padding:10px;\n                    \"\n                    >\n                                        1                    <\/td>\n                                                <td class=\"wpdt-cell \"\n                                            data-cell-id=\"C4\"\n                    data-col-index=\"2\"\n                    data-row-index=\"3\"\n                    style=\"                    padding:10px;\n                    \"\n                    >\n                                        0                    <\/td>\n                                                <td class=\"wpdt-cell \"\n                                            data-cell-id=\"D4\"\n                    data-col-index=\"3\"\n                    data-row-index=\"3\"\n                    style=\"                    padding:10px;\n                    \"\n                    >\n                                        0                    <\/td>\n                                                <td class=\"wpdt-cell \"\n                                            data-cell-id=\"E4\"\n                    data-col-index=\"4\"\n                    data-row-index=\"3\"\n                    style=\"                    padding:10px;\n                    \"\n                    >\n                                        0                    <\/td>\n                                                <td class=\"wpdt-cell \"\n                                            data-cell-id=\"F4\"\n                    data-col-index=\"5\"\n                    data-row-index=\"3\"\n                    style=\"                    padding:10px;\n                    \"\n                    >\n                                        0                    <\/td>\n                                        <\/tr>\n                    <\/table>\n<\/div><style id='wpdt-custom-style-6'>\n<\/style>\n<\/div>\n","protected":false},"excerpt":{"rendered":"<p>Origine et histoire de la M\u00e9daille de George La M\u00e9daille de George (G.M.) a \u00e9t\u00e9 cr\u00e9\u00e9e le 24 septembre 1940 par le roi George VI. Elle \u00e9tait destin\u00e9e essentiellement aux civils qui avaient accompli des actes de bravoure extraordinaires. Elle n&rsquo;\u00e9tait d\u00e9cern\u00e9e aux militaires que pour des actes qui n&rsquo;\u00e9taient normalement pas r\u00e9compens\u00e9s par des [&hellip;]<\/p>\n","protected":false},"author":1,"featured_media":0,"parent":0,"menu_order":0,"comment_status":"closed","ping_status":"closed","template":"","meta":{"_acf_changed":false,"footnotes":""},"class_list":["post-990","page","type-page","status-publish","hentry"],"acf":[],"yoast_head":"<!-- This site is optimized with the Yoast SEO plugin v27.3 - https:\/\/yoast.com\/product\/yoast-seo-wordpress\/ -->\n<title>M\u00e9daille de George - Pour Bravoure - aviateurs canadiens et la Croix de Victoria<\/title>\n<meta name=\"robots\" content=\"index, follow, max-snippet:-1, max-image-preview:large, max-video-preview:-1\" \/>\n<link rel=\"canonical\" href=\"https:\/\/www.forvalour.ca\/fr\/medaille-de-george\/\" \/>\n<meta property=\"og:locale\" content=\"fr_FR\" \/>\n<meta property=\"og:type\" content=\"article\" \/>\n<meta property=\"og:title\" content=\"M\u00e9daille de George - Pour Bravoure - aviateurs canadiens et la Croix de Victoria\" \/>\n<meta property=\"og:description\" content=\"Origine et histoire de la M\u00e9daille de George La M\u00e9daille de George (G.M.) a \u00e9t\u00e9 cr\u00e9\u00e9e le 24 septembre 1940 par le roi George VI. Elle \u00e9tait destin\u00e9e essentiellement aux civils qui avaient accompli des actes de bravoure extraordinaires. Elle n&rsquo;\u00e9tait d\u00e9cern\u00e9e aux militaires que pour des actes qui n&rsquo;\u00e9taient normalement pas r\u00e9compens\u00e9s par des [&hellip;]\" \/>\n<meta property=\"og:url\" content=\"https:\/\/www.forvalour.ca\/fr\/medaille-de-george\/\" \/>\n<meta property=\"og:site_name\" content=\"Pour Bravoure - aviateurs canadiens et la Croix de Victoria\" \/>\n<meta property=\"article:modified_time\" content=\"2021-09-17T22:20:51+00:00\" \/>\n<meta property=\"og:image\" content=\"http:\/\/forvalour.ca\/wp-content\/uploads\/2021\/09\/gm-004.jpg\" \/>\n<meta name=\"twitter:card\" content=\"summary_large_image\" \/>\n<meta name=\"twitter:label1\" content=\"Dur\u00e9e de lecture estim\u00e9e\" \/>\n\t<meta name=\"twitter:data1\" content=\"2 minutes\" \/>\n<script type=\"application\/ld+json\" class=\"yoast-schema-graph\">{\"@context\":\"https:\\\/\\\/schema.org\",\"@graph\":[{\"@type\":\"WebPage\",\"@id\":\"https:\\\/\\\/www.forvalour.ca\\\/fr\\\/medaille-de-george\\\/\",\"url\":\"https:\\\/\\\/www.forvalour.ca\\\/fr\\\/medaille-de-george\\\/\",\"name\":\"M\u00e9daille de George - Pour Bravoure - aviateurs canadiens et la Croix de Victoria\",\"isPartOf\":{\"@id\":\"https:\\\/\\\/forvalour.ca\\\/#website\"},\"primaryImageOfPage\":{\"@id\":\"https:\\\/\\\/www.forvalour.ca\\\/fr\\\/medaille-de-george\\\/#primaryimage\"},\"image\":{\"@id\":\"https:\\\/\\\/www.forvalour.ca\\\/fr\\\/medaille-de-george\\\/#primaryimage\"},\"thumbnailUrl\":\"http:\\\/\\\/forvalour.ca\\\/wp-content\\\/uploads\\\/2021\\\/09\\\/gm-004.jpg\",\"datePublished\":\"2021-09-17T22:06:26+00:00\",\"dateModified\":\"2021-09-17T22:20:51+00:00\",\"breadcrumb\":{\"@id\":\"https:\\\/\\\/www.forvalour.ca\\\/fr\\\/medaille-de-george\\\/#breadcrumb\"},\"inLanguage\":\"fr-FR\",\"potentialAction\":[{\"@type\":\"ReadAction\",\"target\":[\"https:\\\/\\\/www.forvalour.ca\\\/fr\\\/medaille-de-george\\\/\"]}]},{\"@type\":\"ImageObject\",\"inLanguage\":\"fr-FR\",\"@id\":\"https:\\\/\\\/www.forvalour.ca\\\/fr\\\/medaille-de-george\\\/#primaryimage\",\"url\":\"http:\\\/\\\/forvalour.ca\\\/wp-content\\\/uploads\\\/2021\\\/09\\\/gm-004.jpg\",\"contentUrl\":\"http:\\\/\\\/forvalour.ca\\\/wp-content\\\/uploads\\\/2021\\\/09\\\/gm-004.jpg\"},{\"@type\":\"BreadcrumbList\",\"@id\":\"https:\\\/\\\/www.forvalour.ca\\\/fr\\\/medaille-de-george\\\/#breadcrumb\",\"itemListElement\":[{\"@type\":\"ListItem\",\"position\":1,\"name\":\"Home\",\"item\":\"https:\\\/\\\/www.forvalour.ca\\\/fr\\\/\"},{\"@type\":\"ListItem\",\"position\":2,\"name\":\"M\u00e9daille de George\"}]},{\"@type\":\"WebSite\",\"@id\":\"https:\\\/\\\/forvalour.ca\\\/#website\",\"url\":\"https:\\\/\\\/forvalour.ca\\\/\",\"name\":\"For Valour\",\"description\":\"Canadian Airmen and the Victoria Cross\",\"publisher\":{\"@id\":\"https:\\\/\\\/forvalour.ca\\\/#organization\"},\"potentialAction\":[{\"@type\":\"SearchAction\",\"target\":{\"@type\":\"EntryPoint\",\"urlTemplate\":\"https:\\\/\\\/forvalour.ca\\\/?s={search_term_string}\"},\"query-input\":{\"@type\":\"PropertyValueSpecification\",\"valueRequired\":true,\"valueName\":\"search_term_string\"}}],\"inLanguage\":\"fr-FR\"},{\"@type\":\"Organization\",\"@id\":\"https:\\\/\\\/forvalour.ca\\\/#organization\",\"name\":\"For Valour\",\"url\":\"https:\\\/\\\/forvalour.ca\\\/\",\"logo\":{\"@type\":\"ImageObject\",\"inLanguage\":\"fr-FR\",\"@id\":\"https:\\\/\\\/forvalour.ca\\\/#\\\/schema\\\/logo\\\/image\\\/\",\"url\":\"https:\\\/\\\/forvalour.ca\\\/wp-content\\\/uploads\\\/2021\\\/09\\\/cropped-for-valour-medal-new.png\",\"contentUrl\":\"https:\\\/\\\/forvalour.ca\\\/wp-content\\\/uploads\\\/2021\\\/09\\\/cropped-for-valour-medal-new.png\",\"width\":512,\"height\":512,\"caption\":\"For Valour\"},\"image\":{\"@id\":\"https:\\\/\\\/forvalour.ca\\\/#\\\/schema\\\/logo\\\/image\\\/\"},\"sameAs\":[\"https:\\\/\\\/www.youtube.com\\\/channel\\\/UCRYVbXOUahuy0lj2UCo1Cag\"]}]}<\/script>\n<!-- \/ Yoast SEO plugin. -->","yoast_head_json":{"title":"M\u00e9daille de George - Pour Bravoure - aviateurs canadiens et la Croix de Victoria","robots":{"index":"index","follow":"follow","max-snippet":"max-snippet:-1","max-image-preview":"max-image-preview:large","max-video-preview":"max-video-preview:-1"},"canonical":"https:\/\/www.forvalour.ca\/fr\/medaille-de-george\/","og_locale":"fr_FR","og_type":"article","og_title":"M\u00e9daille de George - Pour Bravoure - aviateurs canadiens et la Croix de Victoria","og_description":"Origine et histoire de la M\u00e9daille de George La M\u00e9daille de George (G.M.) a \u00e9t\u00e9 cr\u00e9\u00e9e le 24 septembre 1940 par le roi George VI. Elle \u00e9tait destin\u00e9e essentiellement aux civils qui avaient accompli des actes de bravoure extraordinaires. Elle n&rsquo;\u00e9tait d\u00e9cern\u00e9e aux militaires que pour des actes qui n&rsquo;\u00e9taient normalement pas r\u00e9compens\u00e9s par des [&hellip;]","og_url":"https:\/\/www.forvalour.ca\/fr\/medaille-de-george\/","og_site_name":"Pour Bravoure - aviateurs canadiens et la Croix de Victoria","article_modified_time":"2021-09-17T22:20:51+00:00","og_image":[{"url":"http:\/\/forvalour.ca\/wp-content\/uploads\/2021\/09\/gm-004.jpg","type":"","width":"","height":""}],"twitter_card":"summary_large_image","twitter_misc":{"Dur\u00e9e de lecture estim\u00e9e":"2 minutes"},"schema":{"@context":"https:\/\/schema.org","@graph":[{"@type":"WebPage","@id":"https:\/\/www.forvalour.ca\/fr\/medaille-de-george\/","url":"https:\/\/www.forvalour.ca\/fr\/medaille-de-george\/","name":"M\u00e9daille de George - Pour Bravoure - aviateurs canadiens et la Croix de Victoria","isPartOf":{"@id":"https:\/\/forvalour.ca\/#website"},"primaryImageOfPage":{"@id":"https:\/\/www.forvalour.ca\/fr\/medaille-de-george\/#primaryimage"},"image":{"@id":"https:\/\/www.forvalour.ca\/fr\/medaille-de-george\/#primaryimage"},"thumbnailUrl":"http:\/\/forvalour.ca\/wp-content\/uploads\/2021\/09\/gm-004.jpg","datePublished":"2021-09-17T22:06:26+00:00","dateModified":"2021-09-17T22:20:51+00:00","breadcrumb":{"@id":"https:\/\/www.forvalour.ca\/fr\/medaille-de-george\/#breadcrumb"},"inLanguage":"fr-FR","potentialAction":[{"@type":"ReadAction","target":["https:\/\/www.forvalour.ca\/fr\/medaille-de-george\/"]}]},{"@type":"ImageObject","inLanguage":"fr-FR","@id":"https:\/\/www.forvalour.ca\/fr\/medaille-de-george\/#primaryimage","url":"http:\/\/forvalour.ca\/wp-content\/uploads\/2021\/09\/gm-004.jpg","contentUrl":"http:\/\/forvalour.ca\/wp-content\/uploads\/2021\/09\/gm-004.jpg"},{"@type":"BreadcrumbList","@id":"https:\/\/www.forvalour.ca\/fr\/medaille-de-george\/#breadcrumb","itemListElement":[{"@type":"ListItem","position":1,"name":"Home","item":"https:\/\/www.forvalour.ca\/fr\/"},{"@type":"ListItem","position":2,"name":"M\u00e9daille de George"}]},{"@type":"WebSite","@id":"https:\/\/forvalour.ca\/#website","url":"https:\/\/forvalour.ca\/","name":"For Valour","description":"Canadian Airmen and the Victoria Cross","publisher":{"@id":"https:\/\/forvalour.ca\/#organization"},"potentialAction":[{"@type":"SearchAction","target":{"@type":"EntryPoint","urlTemplate":"https:\/\/forvalour.ca\/?s={search_term_string}"},"query-input":{"@type":"PropertyValueSpecification","valueRequired":true,"valueName":"search_term_string"}}],"inLanguage":"fr-FR"},{"@type":"Organization","@id":"https:\/\/forvalour.ca\/#organization","name":"For Valour","url":"https:\/\/forvalour.ca\/","logo":{"@type":"ImageObject","inLanguage":"fr-FR","@id":"https:\/\/forvalour.ca\/#\/schema\/logo\/image\/","url":"https:\/\/forvalour.ca\/wp-content\/uploads\/2021\/09\/cropped-for-valour-medal-new.png","contentUrl":"https:\/\/forvalour.ca\/wp-content\/uploads\/2021\/09\/cropped-for-valour-medal-new.png","width":512,"height":512,"caption":"For Valour"},"image":{"@id":"https:\/\/forvalour.ca\/#\/schema\/logo\/image\/"},"sameAs":["https:\/\/www.youtube.com\/channel\/UCRYVbXOUahuy0lj2UCo1Cag"]}]}},"_links":{"self":[{"href":"https:\/\/www.forvalour.ca\/fr\/wp-json\/wp\/v2\/pages\/990","targetHints":{"allow":["GET"]}}],"collection":[{"href":"https:\/\/www.forvalour.ca\/fr\/wp-json\/wp\/v2\/pages"}],"about":[{"href":"https:\/\/www.forvalour.ca\/fr\/wp-json\/wp\/v2\/types\/page"}],"author":[{"embeddable":true,"href":"https:\/\/www.forvalour.ca\/fr\/wp-json\/wp\/v2\/users\/1"}],"replies":[{"embeddable":true,"href":"https:\/\/www.forvalour.ca\/fr\/wp-json\/wp\/v2\/comments?post=990"}],"version-history":[{"count":2,"href":"https:\/\/www.forvalour.ca\/fr\/wp-json\/wp\/v2\/pages\/990\/revisions"}],"predecessor-version":[{"id":1001,"href":"https:\/\/www.forvalour.ca\/fr\/wp-json\/wp\/v2\/pages\/990\/revisions\/1001"}],"wp:attachment":[{"href":"https:\/\/www.forvalour.ca\/fr\/wp-json\/wp\/v2\/media?parent=990"}],"curies":[{"name":"wp","href":"https:\/\/api.w.org\/{rel}","templated":true}]}}